{"id":9276,"date":"2025-09-23T07:39:18","date_gmt":"2025-09-23T05:43:57","guid":{"rendered":"https:\/\/neonfactory.com\/?post_type=product&#038;p=9276"},"modified":"2025-09-23T07:43:57","modified_gmt":"2025-09-23T05:43:57","slug":"ent-8456-esso-oil-man-neon","status":"publish","type":"product","link":"https:\/\/neonfactory.com\/fr\/decoration-neon\/fifties-fr\/ent-8456-esso-oil-man-neon\/","title":{"rendered":"ENT 8456 Esso oil man n\u00e9on"},"content":{"rendered":"<p>L&rsquo;enseigne ENT 8456 Esso oil man n\u00e9on se compose de verre n\u00e9on mont\u00e9 sur des supports sp\u00e9ciaux en verre absorbant les chocs sur une plaque arri\u00e8re imprim\u00e9e en couleur. Cela rend les joints et le c\u00e2blage pratiquement invisibles et m\u00eame quand il est \u00e9teint, le n\u00e9on est tout aussi beau&#8230; Derri\u00e8re la plaque se trouve un support en m\u00e9tal noir qui permet de l&rsquo;utiliser en position suspendue ou debout. Il est livr\u00e9 avec un interrupteur marche \/ arr\u00eat et une prise inclus et il est \u00e9quip\u00e9 d&rsquo;un transformateur prot\u00e9g\u00e9 qui s&rsquo;\u00e9teint automatiquement en cas de bris de verre ou de court-circuit. Les publicit\u00e9s au n\u00e9on de Neon Factory sont de haute qualit\u00e9 et \u00e0 des prix comp\u00e9titifs !<\/p><p>D\u00e9sign du N\u00e9on : couleurs du n\u00e9on : rouge, jaune, blanc, bleu <\/p><p>Dimensions du support: l x h x p : 50 x 87 x 15 cm<\/p><p>En option : variateur de n\u00e9on<\/p><p>En option : emballage d&rsquo;exp\u00e9dition double avec de la mousse<\/p><p>Le verre de n\u00e9on est courb\u00e9 \u00e0 la main par un souffleur de verre d&rsquo;apr\u00e8s un croquis. Apr\u00e8s le travail de courbure, le tube de verre est nettoy\u00e9, des \u00e9lectrodes sont rajout\u00e9es et remplies de gaz n\u00e9on (rouge) ou d&rsquo;argon (bleu). Un m\u00e9lange de la couleur du gaz noble avec la couleur du rev\u00eatement dans le tube de verre donne la couleur lumineuse finale. Les raccords en verre et les \u00e9lectrodes sont noircies et les tubes sont mont\u00e9s sur un support et branch\u00e9s au transformateur.<\/p><p>Le n\u00e9on est un produit traditionnel sur mesure et peut donc toujours changer l\u00e9g\u00e8rement des photos montr\u00e9es ou des dimensions, par exemple. Les couleurs diff\u00e8rent \u00e9galement l\u00e9g\u00e8rement et d\u00e9pendent en partie de l&rsquo;\u00e9cran que vous utilisez.<\/p><p>L&rsquo;enseigne n\u00e9on ENT 8456 Esso oil man est pour une utilisation en int\u00e9rieur. Nous vous donnons une garantie de 2 ans sur le bon fonctionnement de l&rsquo;enseigne n\u00e9on o\u00f9 les dommages ou bris de verre sont toujours exclus. La garantie applicable est sur le mat\u00e9riel utilis\u00e9 et la main d\u2019\u0153uvre mais; les frais de transport vers et depuis notre atelier ne sont pas compris.<\/p><p>S&rsquo;il n&rsquo;est plus en stock, nous pouvons \u00e9galement livrer rapidement cet \u00e9clairage n\u00e9on ou le produire dans notre propre usine de verre aux Pays-Bas. Comme <a href=\"https:\/\/neonfactory.com\/fr\/neon-de-decoration\/\">alternative<\/a>, vous pouvez \u00e9galement regarder nos autres marques p\u00e9troli\u00e8res et nos n\u00e9ons automobiles. Vous pouvez \u00e9galement regarder nos n\u00e9ons de d\u00e9coration ou avoir la possibilit\u00e9 de cr\u00e9er votre propre n\u00e9on. Pour une personnalisation, une publicit\u00e9 lumineuse, des lettres n\u00e9on et des r\u00e9parations de n\u00e9on, n&rsquo;h\u00e9sitez pas \u00e0 nous contacter. Neonfactory a le plus grand choix en n\u00e9on de d\u00e9coration originale !<\/p><p>&nbsp;<\/p>","protected":false},"excerpt":{"rendered":"<p><P><\/P><\/p>\n","protected":false},"featured_media":9264,"template":"","meta":{"_monsterinsights_skip_tracking":false,"_monsterinsights_sitenote_active":false,"_monsterinsights_sitenote_note":"","_monsterinsights_sitenote_category":0},"product_cat":[364,58,60],"product_tag":[],"yoast_head":"<!-- This site is optimized with the Yoast SEO Premium plugin v24.4 (Yoast SEO v24.4) - https:\/\/yoast.com\/wordpress\/plugins\/seo\/ -->\n<title>n\u00e9on 8456 Esso oil man \u2013 Haute qualit\u00e9 et prix attractif<\/title>\n<meta name=\"description\" content=\"Mettez de l&#039;ambiance avec l&#039;\u00e9clairage au 8456 Esso oil man n\u00e9on. Les n\u00e9ons sont de haute qualit\u00e9, de prix abordables et ont une garantie de 2 ans !\" \/>\n<meta name=\"robots\" content=\"index, follow, max-snippet:-1, max-image-preview:large, max-video-preview:-1\" \/>\n<link rel=\"canonical\" href=\"https:\/\/neonfactory.com\/fr\/decoration-neon\/fifties-fr\/ent-8456-esso-oil-man-neon\/\" \/>\n<meta property=\"og:locale\" content=\"fr_FR\" \/>\n<meta property=\"og:type\" content=\"article\" \/>\n<meta property=\"og:title\" content=\"ENT 8456 Esso oil man n\u00e9on\" \/>\n<meta property=\"og:description\" content=\"Mettez de l&#039;ambiance avec l&#039;\u00e9clairage au 8456 Esso oil man n\u00e9on. Les n\u00e9ons sont de haute qualit\u00e9, de prix abordables et ont une garantie de 2 ans !\" \/>\n<meta property=\"og:url\" content=\"https:\/\/neonfactory.com\/fr\/decoration-neon\/fifties-fr\/ent-8456-esso-oil-man-neon\/\" \/>\n<meta property=\"og:site_name\" content=\"Neonfactory\" \/>\n<meta property=\"og:image\" content=\"https:\/\/neonfactory.com\/wp-content\/uploads\/2025\/09\/ENT-8456-Esso-oil-man-neon.jpg\" \/>\n\t<meta property=\"og:image:width\" content=\"750\" \/>\n\t<meta property=\"og:image:height\" content=\"750\" \/>\n\t<meta property=\"og:image:type\" content=\"image\/jpeg\" \/>\n<meta name=\"twitter:card\" content=\"summary_large_image\" \/>\n<meta name=\"twitter:label1\" content=\"Dur\u00e9e de lecture estim\u00e9e\" \/>\n\t<meta name=\"twitter:data1\" content=\"1 minute\" \/>\n<script type=\"application\/ld+json\" class=\"yoast-schema-graph\">{\"@context\":\"https:\/\/schema.org\",\"@graph\":[{\"@type\":\"WebPage\",\"@id\":\"https:\/\/neonfactory.com\/fr\/decoration-neon\/fifties-fr\/ent-8456-esso-oil-man-neon\/\",\"url\":\"https:\/\/neonfactory.com\/fr\/decoration-neon\/fifties-fr\/ent-8456-esso-oil-man-neon\/\",\"name\":\"n\u00e9on 8456 Esso oil man \u2013 Haute qualit\u00e9 et prix attractif\",\"isPartOf\":{\"@id\":\"https:\/\/neonfactory.com\/#website\"},\"primaryImageOfPage\":{\"@id\":\"https:\/\/neonfactory.com\/fr\/decoration-neon\/fifties-fr\/ent-8456-esso-oil-man-neon\/#primaryimage\"},\"image\":{\"@id\":\"https:\/\/neonfactory.com\/fr\/decoration-neon\/fifties-fr\/ent-8456-esso-oil-man-neon\/#primaryimage\"},\"thumbnailUrl\":\"https:\/\/neonfactory.com\/wp-content\/uploads\/2025\/09\/ENT-8456-Esso-oil-man-neon.jpg\",\"datePublished\":\"2025-09-23T05:43:57+00:00\",\"description\":\"Mettez de l'ambiance avec l'\u00e9clairage au 8456 Esso oil man n\u00e9on. Les n\u00e9ons sont de haute qualit\u00e9, de prix abordables et ont une garantie de 2 ans !\",\"breadcrumb\":{\"@id\":\"https:\/\/neonfactory.com\/fr\/decoration-neon\/fifties-fr\/ent-8456-esso-oil-man-neon\/#breadcrumb\"},\"inLanguage\":\"fr-FR\",\"potentialAction\":[{\"@type\":\"ReadAction\",\"target\":[\"https:\/\/neonfactory.com\/fr\/decoration-neon\/fifties-fr\/ent-8456-esso-oil-man-neon\/\"]}]},{\"@type\":\"ImageObject\",\"inLanguage\":\"fr-FR\",\"@id\":\"https:\/\/neonfactory.com\/fr\/decoration-neon\/fifties-fr\/ent-8456-esso-oil-man-neon\/#primaryimage\",\"url\":\"https:\/\/neonfactory.com\/wp-content\/uploads\/2025\/09\/ENT-8456-Esso-oil-man-neon.jpg\",\"contentUrl\":\"https:\/\/neonfactory.com\/wp-content\/uploads\/2025\/09\/ENT-8456-Esso-oil-man-neon.jpg\",\"width\":750,\"height\":750,\"caption\":\"ENT 8456 Esso oil man neon sign vintage petrol gas neonfactory neon designs logo Signs USA\"},{\"@type\":\"BreadcrumbList\",\"@id\":\"https:\/\/neonfactory.com\/fr\/decoration-neon\/fifties-fr\/ent-8456-esso-oil-man-neon\/#breadcrumb\",\"itemListElement\":[{\"@type\":\"ListItem\",\"position\":1,\"name\":\"Home\",\"item\":\"https:\/\/neonfactory.com\/fr\/\"},{\"@type\":\"ListItem\",\"position\":2,\"name\":\"N\u00e9on de d\u00e9coration\",\"item\":\"https:\/\/neonfactory.com\/fr\/neon-de-decoration\/\"},{\"@type\":\"ListItem\",\"position\":3,\"name\":\"ENT 8456 Esso oil man n\u00e9on\"}]},{\"@type\":\"WebSite\",\"@id\":\"https:\/\/neonfactory.com\/#website\",\"url\":\"https:\/\/neonfactory.com\/\",\"name\":\"Neonfactory\",\"description\":\"Neonreclame, neonverlichting, neon op maat, neon glasblazen &amp; neon reparatie Met 26 jaar internationale productie ervaring zijn wij de \u00e9\u00e9n van de grotere aanbieders op het gebied van neon producten.\",\"publisher\":{\"@id\":\"https:\/\/neonfactory.com\/#organization\"},\"potentialAction\":[{\"@type\":\"SearchAction\",\"target\":{\"@type\":\"EntryPoint\",\"urlTemplate\":\"https:\/\/neonfactory.com\/?s={search_term_string}\"},\"query-input\":{\"@type\":\"PropertyValueSpecification\",\"valueRequired\":true,\"valueName\":\"search_term_string\"}}],\"inLanguage\":\"fr-FR\"},{\"@type\":\"Organization\",\"@id\":\"https:\/\/neonfactory.com\/#organization\",\"name\":\"Neonfactory\",\"url\":\"https:\/\/neonfactory.com\/\",\"logo\":{\"@type\":\"ImageObject\",\"inLanguage\":\"fr-FR\",\"@id\":\"https:\/\/neonfactory.com\/#\/schema\/logo\/image\/\",\"url\":\"https:\/\/neonfactory.com\/wp-content\/uploads\/2017\/10\/neonfactory-logo-zwart.png\",\"contentUrl\":\"https:\/\/neonfactory.com\/wp-content\/uploads\/2017\/10\/neonfactory-logo-zwart.png\",\"width\":460,\"height\":74,\"caption\":\"Neonfactory\"},\"image\":{\"@id\":\"https:\/\/neonfactory.com\/#\/schema\/logo\/image\/\"},\"sameAs\":[\"https:\/\/www.pinterest.com\/neonfactory\/\"]}]}<\/script>\n<!-- \/ Yoast SEO Premium plugin. -->","yoast_head_json":{"title":"n\u00e9on 8456 Esso oil man \u2013 Haute qualit\u00e9 et prix attractif","description":"Mettez de l'ambiance avec l'\u00e9clairage au 8456 Esso oil man n\u00e9on. Les n\u00e9ons sont de haute qualit\u00e9, de prix abordables et ont une garantie de 2 ans !","robots":{"index":"index","follow":"follow","max-snippet":"max-snippet:-1","max-image-preview":"max-image-preview:large","max-video-preview":"max-video-preview:-1"},"canonical":"https:\/\/neonfactory.com\/fr\/decoration-neon\/fifties-fr\/ent-8456-esso-oil-man-neon\/","og_locale":"fr_FR","og_type":"article","og_title":"ENT 8456 Esso oil man n\u00e9on","og_description":"Mettez de l'ambiance avec l'\u00e9clairage au 8456 Esso oil man n\u00e9on. Les n\u00e9ons sont de haute qualit\u00e9, de prix abordables et ont une garantie de 2 ans !","og_url":"https:\/\/neonfactory.com\/fr\/decoration-neon\/fifties-fr\/ent-8456-esso-oil-man-neon\/","og_site_name":"Neonfactory","og_image":[{"width":750,"height":750,"url":"https:\/\/neonfactory.com\/wp-content\/uploads\/2025\/09\/ENT-8456-Esso-oil-man-neon.jpg","type":"image\/jpeg"}],"twitter_card":"summary_large_image","twitter_misc":{"Dur\u00e9e de lecture estim\u00e9e":"1 minute"},"schema":{"@context":"https:\/\/schema.org","@graph":[{"@type":"WebPage","@id":"https:\/\/neonfactory.com\/fr\/decoration-neon\/fifties-fr\/ent-8456-esso-oil-man-neon\/","url":"https:\/\/neonfactory.com\/fr\/decoration-neon\/fifties-fr\/ent-8456-esso-oil-man-neon\/","name":"n\u00e9on 8456 Esso oil man \u2013 Haute qualit\u00e9 et prix attractif","isPartOf":{"@id":"https:\/\/neonfactory.com\/#website"},"primaryImageOfPage":{"@id":"https:\/\/neonfactory.com\/fr\/decoration-neon\/fifties-fr\/ent-8456-esso-oil-man-neon\/#primaryimage"},"image":{"@id":"https:\/\/neonfactory.com\/fr\/decoration-neon\/fifties-fr\/ent-8456-esso-oil-man-neon\/#primaryimage"},"thumbnailUrl":"https:\/\/neonfactory.com\/wp-content\/uploads\/2025\/09\/ENT-8456-Esso-oil-man-neon.jpg","datePublished":"2025-09-23T05:43:57+00:00","description":"Mettez de l'ambiance avec l'\u00e9clairage au 8456 Esso oil man n\u00e9on. Les n\u00e9ons sont de haute qualit\u00e9, de prix abordables et ont une garantie de 2 ans !","breadcrumb":{"@id":"https:\/\/neonfactory.com\/fr\/decoration-neon\/fifties-fr\/ent-8456-esso-oil-man-neon\/#breadcrumb"},"inLanguage":"fr-FR","potentialAction":[{"@type":"ReadAction","target":["https:\/\/neonfactory.com\/fr\/decoration-neon\/fifties-fr\/ent-8456-esso-oil-man-neon\/"]}]},{"@type":"ImageObject","inLanguage":"fr-FR","@id":"https:\/\/neonfactory.com\/fr\/decoration-neon\/fifties-fr\/ent-8456-esso-oil-man-neon\/#primaryimage","url":"https:\/\/neonfactory.com\/wp-content\/uploads\/2025\/09\/ENT-8456-Esso-oil-man-neon.jpg","contentUrl":"https:\/\/neonfactory.com\/wp-content\/uploads\/2025\/09\/ENT-8456-Esso-oil-man-neon.jpg","width":750,"height":750,"caption":"ENT 8456 Esso oil man neon sign vintage petrol gas neonfactory neon designs logo Signs USA"},{"@type":"BreadcrumbList","@id":"https:\/\/neonfactory.com\/fr\/decoration-neon\/fifties-fr\/ent-8456-esso-oil-man-neon\/#breadcrumb","itemListElement":[{"@type":"ListItem","position":1,"name":"Home","item":"https:\/\/neonfactory.com\/fr\/"},{"@type":"ListItem","position":2,"name":"N\u00e9on de d\u00e9coration","item":"https:\/\/neonfactory.com\/fr\/neon-de-decoration\/"},{"@type":"ListItem","position":3,"name":"ENT 8456 Esso oil man n\u00e9on"}]},{"@type":"WebSite","@id":"https:\/\/neonfactory.com\/#website","url":"https:\/\/neonfactory.com\/","name":"Neonfactory","description":"Neonreclame, neonverlichting, neon op maat, neon glasblazen &amp; neon reparatie Met 26 jaar internationale productie ervaring zijn wij de \u00e9\u00e9n van de grotere aanbieders op het gebied van neon producten.","publisher":{"@id":"https:\/\/neonfactory.com\/#organization"},"potentialAction":[{"@type":"SearchAction","target":{"@type":"EntryPoint","urlTemplate":"https:\/\/neonfactory.com\/?s={search_term_string}"},"query-input":{"@type":"PropertyValueSpecification","valueRequired":true,"valueName":"search_term_string"}}],"inLanguage":"fr-FR"},{"@type":"Organization","@id":"https:\/\/neonfactory.com\/#organization","name":"Neonfactory","url":"https:\/\/neonfactory.com\/","logo":{"@type":"ImageObject","inLanguage":"fr-FR","@id":"https:\/\/neonfactory.com\/#\/schema\/logo\/image\/","url":"https:\/\/neonfactory.com\/wp-content\/uploads\/2017\/10\/neonfactory-logo-zwart.png","contentUrl":"https:\/\/neonfactory.com\/wp-content\/uploads\/2017\/10\/neonfactory-logo-zwart.png","width":460,"height":74,"caption":"Neonfactory"},"image":{"@id":"https:\/\/neonfactory.com\/#\/schema\/logo\/image\/"},"sameAs":["https:\/\/www.pinterest.com\/neonfactory\/"]}]}},"_links":{"self":[{"href":"https:\/\/neonfactory.com\/fr\/wp-json\/wp\/v2\/product\/9276"}],"collection":[{"href":"https:\/\/neonfactory.com\/fr\/wp-json\/wp\/v2\/product"}],"about":[{"href":"https:\/\/neonfactory.com\/fr\/wp-json\/wp\/v2\/types\/product"}],"wp:featuredmedia":[{"embeddable":true,"href":"https:\/\/neonfactory.com\/fr\/wp-json\/wp\/v2\/media\/9264"}],"wp:attachment":[{"href":"https:\/\/neonfactory.com\/fr\/wp-json\/wp\/v2\/media?parent=9276"}],"wp:term":[{"taxonomy":"product_cat","embeddable":true,"href":"https:\/\/neonfactory.com\/fr\/wp-json\/wp\/v2\/product_cat?post=9276"},{"taxonomy":"product_tag","embeddable":true,"href":"https:\/\/neonfactory.com\/fr\/wp-json\/wp\/v2\/product_tag?post=9276"}],"curies":[{"name":"wp","href":"https:\/\/api.w.org\/{rel}","templated":true}]}}