{"id":7862,"date":"2019-11-04T09:28:10","date_gmt":"2019-11-04T08:46:52","guid":{"rendered":"https:\/\/neonfactory.com\/?post_type=product&#038;p=7862"},"modified":"2019-11-04T15:01:46","modified_gmt":"2019-11-04T14:01:46","slug":"reparation-de-neon-1","status":"publish","type":"product","link":"https:\/\/neonfactory.com\/fr\/decoration-neon\/reparation-de-neon\/reparation-de-neon-1\/","title":{"rendered":"R\u00e9paration de n\u00e9on 1"},"content":{"rendered":"<p>R\u00e9paration, Cr\u00e9er et Conceptions au n\u00e9on<\/p><p>Aux Pays-Bas, nous fabriquons des \u00e9clairages au n\u00e9on, des commandes sp\u00e9ciales au n\u00e9on, des logos, des lettres au n\u00e9on et des textes. Nous r\u00e9parons tous les types de n\u00e9ons de Chine, d&rsquo;Am\u00e9rique ou d&rsquo;Europe. Nous sommes sp\u00e9cialis\u00e9s dans le verre au n\u00e9on pre-coated et avons presque toutes les couleurs et les diam\u00e8tres courants du n\u00e9on en stock.<\/p><p>Si un n\u00e9on est bris\u00e9, il est parfois difficile de trouver la cause ou les bris de vitre. Plusieurs syst\u00e8mes de verre peuvent \u00e9galement pr\u00e9senter des fuites ou des bris et le transformateur peut \u00e9galement \u00eatre endommag\u00e9. Si vous nous envoyez une photo claire du n\u00e9on bris\u00e9 par courrier \u00e9lectronique, nous pouvons vous donner une estimation des co\u00fbts \u00e0 l\u2019avance. Les prix de r\u00e9paration varient, mais varient g\u00e9n\u00e9ralement entre 50,00 et 100,00 euros hors TVA.<\/p><p><em>Avez-vous une r\u00e9paration? Ensuite, utilisez la page de contact et joignez une photo du n\u00e9on cass\u00e9. Nous ne donnons que des indications de prix bas\u00e9es sur le formulaire de courrier \u00e9lectronique re\u00e7u.<\/em><\/p>","protected":false},"excerpt":{"rendered":"<p><P><\/P><\/p>\n","protected":false},"featured_media":2327,"template":"","meta":{"_monsterinsights_skip_tracking":false,"_monsterinsights_sitenote_active":false,"_monsterinsights_sitenote_note":"","_monsterinsights_sitenote_category":0},"product_cat":[3115],"product_tag":[],"yoast_head":"<!-- This site is optimized with the Yoast SEO Premium plugin v24.4 (Yoast SEO v24.4) - https:\/\/yoast.com\/wordpress\/plugins\/seo\/ -->\n<title>R\u00e9paration de l&#039;\u00e9clairage au n\u00e9on, Cr\u00e9er et Conceptions au n\u00e9on<\/title>\n<meta name=\"description\" content=\"R\u00e9paration de l&#039;\u00e9clairage au n\u00e9on, Cr\u00e9er et Conceptions au n\u00e9on\" \/>\n<meta name=\"robots\" content=\"index, follow, max-snippet:-1, max-image-preview:large, max-video-preview:-1\" \/>\n<link rel=\"canonical\" href=\"https:\/\/neonfactory.com\/fr\/decoration-neon\/reparation-de-neon\/reparation-de-neon-1\/\" \/>\n<meta property=\"og:locale\" content=\"fr_FR\" \/>\n<meta property=\"og:type\" content=\"article\" \/>\n<meta property=\"og:title\" content=\"R\u00e9paration de n\u00e9on 1\" \/>\n<meta property=\"og:description\" content=\"R\u00e9paration de l&#039;\u00e9clairage au n\u00e9on, Cr\u00e9er et Conceptions au n\u00e9on\" \/>\n<meta property=\"og:url\" content=\"https:\/\/neonfactory.com\/fr\/decoration-neon\/reparation-de-neon\/reparation-de-neon-1\/\" \/>\n<meta property=\"og:site_name\" content=\"Neonfactory\" \/>\n<meta property=\"article:modified_time\" content=\"2019-11-04T14:01:46+00:00\" \/>\n<meta property=\"og:image\" content=\"https:\/\/neonfactory.com\/wp-content\/uploads\/2017\/10\/1350650025neon_reparatie_1.jpg\" \/>\n\t<meta property=\"og:image:width\" content=\"336\" \/>\n\t<meta property=\"og:image:height\" content=\"336\" \/>\n\t<meta property=\"og:image:type\" content=\"image\/jpeg\" \/>\n<meta name=\"twitter:card\" content=\"summary_large_image\" \/>\n<meta name=\"twitter:label1\" content=\"Dur\u00e9e de lecture estim\u00e9e\" \/>\n\t<meta name=\"twitter:data1\" content=\"1 minute\" \/>\n<script type=\"application\/ld+json\" class=\"yoast-schema-graph\">{\"@context\":\"https:\/\/schema.org\",\"@graph\":[{\"@type\":\"WebPage\",\"@id\":\"https:\/\/neonfactory.com\/fr\/decoration-neon\/reparation-de-neon\/reparation-de-neon-1\/\",\"url\":\"https:\/\/neonfactory.com\/fr\/decoration-neon\/reparation-de-neon\/reparation-de-neon-1\/\",\"name\":\"R\u00e9paration de l'\u00e9clairage au n\u00e9on, Cr\u00e9er et Conceptions au n\u00e9on\",\"isPartOf\":{\"@id\":\"https:\/\/neonfactory.com\/#website\"},\"primaryImageOfPage\":{\"@id\":\"https:\/\/neonfactory.com\/fr\/decoration-neon\/reparation-de-neon\/reparation-de-neon-1\/#primaryimage\"},\"image\":{\"@id\":\"https:\/\/neonfactory.com\/fr\/decoration-neon\/reparation-de-neon\/reparation-de-neon-1\/#primaryimage\"},\"thumbnailUrl\":\"https:\/\/neonfactory.com\/wp-content\/uploads\/2017\/10\/1350650025neon_reparatie_1.jpg\",\"datePublished\":\"2019-11-04T08:46:52+00:00\",\"dateModified\":\"2019-11-04T14:01:46+00:00\",\"description\":\"R\u00e9paration de l'\u00e9clairage au n\u00e9on, Cr\u00e9er et Conceptions au n\u00e9on\",\"breadcrumb\":{\"@id\":\"https:\/\/neonfactory.com\/fr\/decoration-neon\/reparation-de-neon\/reparation-de-neon-1\/#breadcrumb\"},\"inLanguage\":\"fr-FR\",\"potentialAction\":[{\"@type\":\"ReadAction\",\"target\":[\"https:\/\/neonfactory.com\/fr\/decoration-neon\/reparation-de-neon\/reparation-de-neon-1\/\"]}]},{\"@type\":\"ImageObject\",\"inLanguage\":\"fr-FR\",\"@id\":\"https:\/\/neonfactory.com\/fr\/decoration-neon\/reparation-de-neon\/reparation-de-neon-1\/#primaryimage\",\"url\":\"https:\/\/neonfactory.com\/wp-content\/uploads\/2017\/10\/1350650025neon_reparatie_1.jpg\",\"contentUrl\":\"https:\/\/neonfactory.com\/wp-content\/uploads\/2017\/10\/1350650025neon_reparatie_1.jpg\",\"width\":336,\"height\":336,\"caption\":\"R\u00e9paration de l'\u00e9clairage au n\u00e9on, Cr\u00e9er et Conceptions au n\u00e9on personnalisation marques logos nom texte bar restaurant mancave neonfactory\"},{\"@type\":\"BreadcrumbList\",\"@id\":\"https:\/\/neonfactory.com\/fr\/decoration-neon\/reparation-de-neon\/reparation-de-neon-1\/#breadcrumb\",\"itemListElement\":[{\"@type\":\"ListItem\",\"position\":1,\"name\":\"Home\",\"item\":\"https:\/\/neonfactory.com\/fr\/\"},{\"@type\":\"ListItem\",\"position\":2,\"name\":\"N\u00e9on de d\u00e9coration\",\"item\":\"https:\/\/neonfactory.com\/fr\/neon-de-decoration\/\"},{\"@type\":\"ListItem\",\"position\":3,\"name\":\"R\u00e9paration de n\u00e9on 1\"}]},{\"@type\":\"WebSite\",\"@id\":\"https:\/\/neonfactory.com\/#website\",\"url\":\"https:\/\/neonfactory.com\/\",\"name\":\"Neonfactory\",\"description\":\"Neonreclame, neonverlichting, neon op maat, neon glasblazen &amp; neon reparatie Met 26 jaar internationale productie ervaring zijn wij de \u00e9\u00e9n van de grotere aanbieders op het gebied van neon producten.\",\"publisher\":{\"@id\":\"https:\/\/neonfactory.com\/#organization\"},\"potentialAction\":[{\"@type\":\"SearchAction\",\"target\":{\"@type\":\"EntryPoint\",\"urlTemplate\":\"https:\/\/neonfactory.com\/?s={search_term_string}\"},\"query-input\":{\"@type\":\"PropertyValueSpecification\",\"valueRequired\":true,\"valueName\":\"search_term_string\"}}],\"inLanguage\":\"fr-FR\"},{\"@type\":\"Organization\",\"@id\":\"https:\/\/neonfactory.com\/#organization\",\"name\":\"Neonfactory\",\"url\":\"https:\/\/neonfactory.com\/\",\"logo\":{\"@type\":\"ImageObject\",\"inLanguage\":\"fr-FR\",\"@id\":\"https:\/\/neonfactory.com\/#\/schema\/logo\/image\/\",\"url\":\"https:\/\/neonfactory.com\/wp-content\/uploads\/2017\/10\/neonfactory-logo-zwart.png\",\"contentUrl\":\"https:\/\/neonfactory.com\/wp-content\/uploads\/2017\/10\/neonfactory-logo-zwart.png\",\"width\":460,\"height\":74,\"caption\":\"Neonfactory\"},\"image\":{\"@id\":\"https:\/\/neonfactory.com\/#\/schema\/logo\/image\/\"},\"sameAs\":[\"https:\/\/www.pinterest.com\/neonfactory\/\"]}]}<\/script>\n<!-- \/ Yoast SEO Premium plugin. -->","yoast_head_json":{"title":"R\u00e9paration de l'\u00e9clairage au n\u00e9on, Cr\u00e9er et Conceptions au n\u00e9on","description":"R\u00e9paration de l'\u00e9clairage au n\u00e9on, Cr\u00e9er et Conceptions au n\u00e9on","robots":{"index":"index","follow":"follow","max-snippet":"max-snippet:-1","max-image-preview":"max-image-preview:large","max-video-preview":"max-video-preview:-1"},"canonical":"https:\/\/neonfactory.com\/fr\/decoration-neon\/reparation-de-neon\/reparation-de-neon-1\/","og_locale":"fr_FR","og_type":"article","og_title":"R\u00e9paration de n\u00e9on 1","og_description":"R\u00e9paration de l'\u00e9clairage au n\u00e9on, Cr\u00e9er et Conceptions au n\u00e9on","og_url":"https:\/\/neonfactory.com\/fr\/decoration-neon\/reparation-de-neon\/reparation-de-neon-1\/","og_site_name":"Neonfactory","article_modified_time":"2019-11-04T14:01:46+00:00","og_image":[{"width":336,"height":336,"url":"https:\/\/neonfactory.com\/wp-content\/uploads\/2017\/10\/1350650025neon_reparatie_1.jpg","type":"image\/jpeg"}],"twitter_card":"summary_large_image","twitter_misc":{"Dur\u00e9e de lecture estim\u00e9e":"1 minute"},"schema":{"@context":"https:\/\/schema.org","@graph":[{"@type":"WebPage","@id":"https:\/\/neonfactory.com\/fr\/decoration-neon\/reparation-de-neon\/reparation-de-neon-1\/","url":"https:\/\/neonfactory.com\/fr\/decoration-neon\/reparation-de-neon\/reparation-de-neon-1\/","name":"R\u00e9paration de l'\u00e9clairage au n\u00e9on, Cr\u00e9er et Conceptions au n\u00e9on","isPartOf":{"@id":"https:\/\/neonfactory.com\/#website"},"primaryImageOfPage":{"@id":"https:\/\/neonfactory.com\/fr\/decoration-neon\/reparation-de-neon\/reparation-de-neon-1\/#primaryimage"},"image":{"@id":"https:\/\/neonfactory.com\/fr\/decoration-neon\/reparation-de-neon\/reparation-de-neon-1\/#primaryimage"},"thumbnailUrl":"https:\/\/neonfactory.com\/wp-content\/uploads\/2017\/10\/1350650025neon_reparatie_1.jpg","datePublished":"2019-11-04T08:46:52+00:00","dateModified":"2019-11-04T14:01:46+00:00","description":"R\u00e9paration de l'\u00e9clairage au n\u00e9on, Cr\u00e9er et Conceptions au n\u00e9on","breadcrumb":{"@id":"https:\/\/neonfactory.com\/fr\/decoration-neon\/reparation-de-neon\/reparation-de-neon-1\/#breadcrumb"},"inLanguage":"fr-FR","potentialAction":[{"@type":"ReadAction","target":["https:\/\/neonfactory.com\/fr\/decoration-neon\/reparation-de-neon\/reparation-de-neon-1\/"]}]},{"@type":"ImageObject","inLanguage":"fr-FR","@id":"https:\/\/neonfactory.com\/fr\/decoration-neon\/reparation-de-neon\/reparation-de-neon-1\/#primaryimage","url":"https:\/\/neonfactory.com\/wp-content\/uploads\/2017\/10\/1350650025neon_reparatie_1.jpg","contentUrl":"https:\/\/neonfactory.com\/wp-content\/uploads\/2017\/10\/1350650025neon_reparatie_1.jpg","width":336,"height":336,"caption":"R\u00e9paration de l'\u00e9clairage au n\u00e9on, Cr\u00e9er et Conceptions au n\u00e9on personnalisation marques logos nom texte bar restaurant mancave neonfactory"},{"@type":"BreadcrumbList","@id":"https:\/\/neonfactory.com\/fr\/decoration-neon\/reparation-de-neon\/reparation-de-neon-1\/#breadcrumb","itemListElement":[{"@type":"ListItem","position":1,"name":"Home","item":"https:\/\/neonfactory.com\/fr\/"},{"@type":"ListItem","position":2,"name":"N\u00e9on de d\u00e9coration","item":"https:\/\/neonfactory.com\/fr\/neon-de-decoration\/"},{"@type":"ListItem","position":3,"name":"R\u00e9paration de n\u00e9on 1"}]},{"@type":"WebSite","@id":"https:\/\/neonfactory.com\/#website","url":"https:\/\/neonfactory.com\/","name":"Neonfactory","description":"Neonreclame, neonverlichting, neon op maat, neon glasblazen &amp; neon reparatie Met 26 jaar internationale productie ervaring zijn wij de \u00e9\u00e9n van de grotere aanbieders op het gebied van neon producten.","publisher":{"@id":"https:\/\/neonfactory.com\/#organization"},"potentialAction":[{"@type":"SearchAction","target":{"@type":"EntryPoint","urlTemplate":"https:\/\/neonfactory.com\/?s={search_term_string}"},"query-input":{"@type":"PropertyValueSpecification","valueRequired":true,"valueName":"search_term_string"}}],"inLanguage":"fr-FR"},{"@type":"Organization","@id":"https:\/\/neonfactory.com\/#organization","name":"Neonfactory","url":"https:\/\/neonfactory.com\/","logo":{"@type":"ImageObject","inLanguage":"fr-FR","@id":"https:\/\/neonfactory.com\/#\/schema\/logo\/image\/","url":"https:\/\/neonfactory.com\/wp-content\/uploads\/2017\/10\/neonfactory-logo-zwart.png","contentUrl":"https:\/\/neonfactory.com\/wp-content\/uploads\/2017\/10\/neonfactory-logo-zwart.png","width":460,"height":74,"caption":"Neonfactory"},"image":{"@id":"https:\/\/neonfactory.com\/#\/schema\/logo\/image\/"},"sameAs":["https:\/\/www.pinterest.com\/neonfactory\/"]}]}},"_links":{"self":[{"href":"https:\/\/neonfactory.com\/fr\/wp-json\/wp\/v2\/product\/7862"}],"collection":[{"href":"https:\/\/neonfactory.com\/fr\/wp-json\/wp\/v2\/product"}],"about":[{"href":"https:\/\/neonfactory.com\/fr\/wp-json\/wp\/v2\/types\/product"}],"wp:featuredmedia":[{"embeddable":true,"href":"https:\/\/neonfactory.com\/fr\/wp-json\/wp\/v2\/media\/2327"}],"wp:attachment":[{"href":"https:\/\/neonfactory.com\/fr\/wp-json\/wp\/v2\/media?parent=7862"}],"wp:term":[{"taxonomy":"product_cat","embeddable":true,"href":"https:\/\/neonfactory.com\/fr\/wp-json\/wp\/v2\/product_cat?post=7862"},{"taxonomy":"product_tag","embeddable":true,"href":"https:\/\/neonfactory.com\/fr\/wp-json\/wp\/v2\/product_tag?post=7862"}],"curies":[{"name":"wp","href":"https:\/\/api.w.org\/{rel}","templated":true}]}}