{"id":8251,"date":"2021-10-04T07:44:28","date_gmt":"2021-10-04T05:44:28","guid":{"rendered":"https:\/\/neonfactory.com\/decoration-neon\/sin%20categor\u00eda\/ent-6031-polly-gas-bird-xl-neon\/"},"modified":"2026-04-06T18:27:12","modified_gmt":"2026-04-06T16:27:12","slug":"ent-6031-polly-gas-bird-xl-neon","status":"publish","type":"product","link":"https:\/\/neonfactory.com\/es\/decoration-neon\/companias-petroleras\/ent-6031-polly-gas-bird-xl-neon\/","title":{"rendered":"ENT 6031 Polly gas bird XL neon"},"content":{"rendered":"<p>The ENT 6031 Polly gas bird XL neon is made from handblown neon glass and is built with special shock absorbing tube supports on a colour printed background. Because of this background, connections and wiring will almost be invisible and the neon will be just as nice when it\u2019s switched off&#8230;<\/p><p>Behind the background we use a metal frame to enable the sign to hang from the wall. It is ready for use and comes with an on\/off switch and EU plug. The signs are supplied with a safety converter which will automatically shut down in case of glass breakage or a short circuit. Neon factory signs are high quality at the best price.<\/p><p>Neon design: neon colours: red, yellow, blue, green, white<br \/>Size: W x H x D: 84 x 135 x 16 cm<\/p><p>Option: neon dimmer<\/p><p>Neon signs are a handmade product which requires specialised glassblowing skills. Glass tubes are manually bend, connected with electrodes and filled with a rare gas. The glass tubes are assembled on a background plate and are connected to the neon converter.\u00a0 Handcrafted products can always be a little different from pictures or the mentioned sizes. Also colours may be different and are also depending on your device and your screen.<\/p><p>The ENT 6031 Polly gas bird XL neon sign is for indoor use only. Our signs have a 2 year guarantee for proper functioning. Damages, changes made to the sign and glass breakage are always excluded. Our guarantee is for material and labour cost when repaired in our shop. Transport to and from our shop is excluded from guarantee.<\/p><p>When a sign is not in stock, we can usually supply it quickly or if necessary, produce it in our glassblowing shop in The Netherlands. In addition, we offer <a href=\"https:\/\/neonfactory.com\/decoration-neon\/\">alternative<\/a> designs with or without in colour printed backgrounds. Have a look at our other neon designs for car brands, gasoline, the fifties, music and much more. We also offer custom made neon, your own neon design, neon letters and neon repair.<\/p><p>Neonfactory has the largest choice in original decoration neon!<\/p>","protected":false},"excerpt":{"rendered":"<p><P><\/P><\/p>\n","protected":false},"featured_media":10513,"template":"","meta":{"_monsterinsights_skip_tracking":false,"_monsterinsights_sitenote_active":false,"_monsterinsights_sitenote_note":"","_monsterinsights_sitenote_category":0},"product_cat":[2251,2258],"product_tag":[],"yoast_head":"<!-- This site is optimized with the Yoast SEO Premium plugin v24.4 (Yoast SEO v24.4) - https:\/\/yoast.com\/wordpress\/plugins\/seo\/ -->\n<title>ENT 6031 Polly Gas bird ne\u00f3n - alta calidad y precio afilada<\/title>\n<meta name=\"description\" content=\"Crear ese ambiente c\u00e1lido, con 6031 Polly Gas bird XL ne\u00f3n. El ne\u00f3n son de alta calidad, 2 a\u00f1os de garant\u00eda y precio en punto!\" \/>\n<meta name=\"robots\" content=\"index, follow, max-snippet:-1, max-image-preview:large, max-video-preview:-1\" \/>\n<link rel=\"canonical\" href=\"https:\/\/neonfactory.com\/es\/decoration-neon\/companias-petroleras\/ent-6031-polly-gas-bird-xl-neon\/\" \/>\n<meta property=\"og:locale\" content=\"es_ES\" \/>\n<meta property=\"og:type\" content=\"article\" \/>\n<meta property=\"og:title\" content=\"ENT 6031 Polly gas bird XL neon\" \/>\n<meta property=\"og:description\" content=\"Crear ese ambiente c\u00e1lido, con 6031 Polly Gas bird XL ne\u00f3n. El ne\u00f3n son de alta calidad, 2 a\u00f1os de garant\u00eda y precio en punto!\" \/>\n<meta property=\"og:url\" content=\"https:\/\/neonfactory.com\/es\/decoration-neon\/companias-petroleras\/ent-6031-polly-gas-bird-xl-neon\/\" \/>\n<meta property=\"og:site_name\" content=\"Neonfactory\" \/>\n<meta property=\"article:modified_time\" content=\"2026-04-06T16:27:12+00:00\" \/>\n<meta property=\"og:image\" content=\"https:\/\/neonfactory.com\/wp-content\/uploads\/2021\/10\/ENT-6031-Polly-Gas-bird-neon-XL-R-O.jpg\" \/>\n\t<meta property=\"og:image:width\" content=\"750\" \/>\n\t<meta property=\"og:image:height\" content=\"750\" \/>\n\t<meta property=\"og:image:type\" content=\"image\/jpeg\" \/>\n<meta name=\"twitter:card\" content=\"summary_large_image\" \/>\n<meta name=\"twitter:label1\" content=\"Tiempo de lectura\" \/>\n\t<meta name=\"twitter:data1\" content=\"2 minutos\" \/>\n<script type=\"application\/ld+json\" class=\"yoast-schema-graph\">{\"@context\":\"https:\/\/schema.org\",\"@graph\":[{\"@type\":\"WebPage\",\"@id\":\"https:\/\/neonfactory.com\/es\/decoration-neon\/companias-petroleras\/ent-6031-polly-gas-bird-xl-neon\/\",\"url\":\"https:\/\/neonfactory.com\/es\/decoration-neon\/companias-petroleras\/ent-6031-polly-gas-bird-xl-neon\/\",\"name\":\"ENT 6031 Polly Gas bird ne\u00f3n - alta calidad y precio afilada\",\"isPartOf\":{\"@id\":\"https:\/\/neonfactory.com\/#website\"},\"primaryImageOfPage\":{\"@id\":\"https:\/\/neonfactory.com\/es\/decoration-neon\/companias-petroleras\/ent-6031-polly-gas-bird-xl-neon\/#primaryimage\"},\"image\":{\"@id\":\"https:\/\/neonfactory.com\/es\/decoration-neon\/companias-petroleras\/ent-6031-polly-gas-bird-xl-neon\/#primaryimage\"},\"thumbnailUrl\":\"https:\/\/neonfactory.com\/wp-content\/uploads\/2021\/10\/ENT-6031-Polly-Gas-bird-neon-XL-R-O.jpg\",\"datePublished\":\"2021-10-04T05:44:28+00:00\",\"dateModified\":\"2026-04-06T16:27:12+00:00\",\"description\":\"Crear ese ambiente c\u00e1lido, con 6031 Polly Gas bird XL ne\u00f3n. El ne\u00f3n son de alta calidad, 2 a\u00f1os de garant\u00eda y precio en punto!\",\"breadcrumb\":{\"@id\":\"https:\/\/neonfactory.com\/es\/decoration-neon\/companias-petroleras\/ent-6031-polly-gas-bird-xl-neon\/#breadcrumb\"},\"inLanguage\":\"es\",\"potentialAction\":[{\"@type\":\"ReadAction\",\"target\":[\"https:\/\/neonfactory.com\/es\/decoration-neon\/companias-petroleras\/ent-6031-polly-gas-bird-xl-neon\/\"]}]},{\"@type\":\"ImageObject\",\"inLanguage\":\"es\",\"@id\":\"https:\/\/neonfactory.com\/es\/decoration-neon\/companias-petroleras\/ent-6031-polly-gas-bird-xl-neon\/#primaryimage\",\"url\":\"https:\/\/neonfactory.com\/wp-content\/uploads\/2021\/10\/ENT-6031-Polly-Gas-bird-neon-XL-R-O.jpg\",\"contentUrl\":\"https:\/\/neonfactory.com\/wp-content\/uploads\/2021\/10\/ENT-6031-Polly-Gas-bird-neon-XL-R-O.jpg\",\"width\":750,\"height\":750,\"caption\":\"ENT 6031 Polly Gas bird neon XL R O\"},{\"@type\":\"BreadcrumbList\",\"@id\":\"https:\/\/neonfactory.com\/es\/decoration-neon\/companias-petroleras\/ent-6031-polly-gas-bird-xl-neon\/#breadcrumb\",\"itemListElement\":[{\"@type\":\"ListItem\",\"position\":1,\"name\":\"Home\",\"item\":\"https:\/\/neonfactory.com\/es\/\"},{\"@type\":\"ListItem\",\"position\":2,\"name\":\"Decoraci\u00f3n de ne\u00f3n\",\"item\":\"https:\/\/neonfactory.com\/es\/decoracion-de-neon\/\"},{\"@type\":\"ListItem\",\"position\":3,\"name\":\"ENT 6031 Polly gas bird XL neon\"}]},{\"@type\":\"WebSite\",\"@id\":\"https:\/\/neonfactory.com\/#website\",\"url\":\"https:\/\/neonfactory.com\/\",\"name\":\"Neonfactory\",\"description\":\"Neonreclame, neonverlichting, neon op maat, neon glasblazen &amp; neon reparatie Met 26 jaar internationale productie ervaring zijn wij de \u00e9\u00e9n van de grotere aanbieders op het gebied van neon producten.\",\"publisher\":{\"@id\":\"https:\/\/neonfactory.com\/#organization\"},\"potentialAction\":[{\"@type\":\"SearchAction\",\"target\":{\"@type\":\"EntryPoint\",\"urlTemplate\":\"https:\/\/neonfactory.com\/?s={search_term_string}\"},\"query-input\":{\"@type\":\"PropertyValueSpecification\",\"valueRequired\":true,\"valueName\":\"search_term_string\"}}],\"inLanguage\":\"es\"},{\"@type\":\"Organization\",\"@id\":\"https:\/\/neonfactory.com\/#organization\",\"name\":\"Neonfactory\",\"url\":\"https:\/\/neonfactory.com\/\",\"logo\":{\"@type\":\"ImageObject\",\"inLanguage\":\"es\",\"@id\":\"https:\/\/neonfactory.com\/#\/schema\/logo\/image\/\",\"url\":\"https:\/\/neonfactory.com\/wp-content\/uploads\/2017\/10\/neonfactory-logo-zwart.png\",\"contentUrl\":\"https:\/\/neonfactory.com\/wp-content\/uploads\/2017\/10\/neonfactory-logo-zwart.png\",\"width\":460,\"height\":74,\"caption\":\"Neonfactory\"},\"image\":{\"@id\":\"https:\/\/neonfactory.com\/#\/schema\/logo\/image\/\"},\"sameAs\":[\"https:\/\/www.pinterest.com\/neonfactory\/\"]}]}<\/script>\n<!-- \/ Yoast SEO Premium plugin. -->","yoast_head_json":{"title":"ENT 6031 Polly Gas bird ne\u00f3n - alta calidad y precio afilada","description":"Crear ese ambiente c\u00e1lido, con 6031 Polly Gas bird XL ne\u00f3n. El ne\u00f3n son de alta calidad, 2 a\u00f1os de garant\u00eda y precio en punto!","robots":{"index":"index","follow":"follow","max-snippet":"max-snippet:-1","max-image-preview":"max-image-preview:large","max-video-preview":"max-video-preview:-1"},"canonical":"https:\/\/neonfactory.com\/es\/decoration-neon\/companias-petroleras\/ent-6031-polly-gas-bird-xl-neon\/","og_locale":"es_ES","og_type":"article","og_title":"ENT 6031 Polly gas bird XL neon","og_description":"Crear ese ambiente c\u00e1lido, con 6031 Polly Gas bird XL ne\u00f3n. El ne\u00f3n son de alta calidad, 2 a\u00f1os de garant\u00eda y precio en punto!","og_url":"https:\/\/neonfactory.com\/es\/decoration-neon\/companias-petroleras\/ent-6031-polly-gas-bird-xl-neon\/","og_site_name":"Neonfactory","article_modified_time":"2026-04-06T16:27:12+00:00","og_image":[{"width":750,"height":750,"url":"https:\/\/neonfactory.com\/wp-content\/uploads\/2021\/10\/ENT-6031-Polly-Gas-bird-neon-XL-R-O.jpg","type":"image\/jpeg"}],"twitter_card":"summary_large_image","twitter_misc":{"Tiempo de lectura":"2 minutos"},"schema":{"@context":"https:\/\/schema.org","@graph":[{"@type":"WebPage","@id":"https:\/\/neonfactory.com\/es\/decoration-neon\/companias-petroleras\/ent-6031-polly-gas-bird-xl-neon\/","url":"https:\/\/neonfactory.com\/es\/decoration-neon\/companias-petroleras\/ent-6031-polly-gas-bird-xl-neon\/","name":"ENT 6031 Polly Gas bird ne\u00f3n - alta calidad y precio afilada","isPartOf":{"@id":"https:\/\/neonfactory.com\/#website"},"primaryImageOfPage":{"@id":"https:\/\/neonfactory.com\/es\/decoration-neon\/companias-petroleras\/ent-6031-polly-gas-bird-xl-neon\/#primaryimage"},"image":{"@id":"https:\/\/neonfactory.com\/es\/decoration-neon\/companias-petroleras\/ent-6031-polly-gas-bird-xl-neon\/#primaryimage"},"thumbnailUrl":"https:\/\/neonfactory.com\/wp-content\/uploads\/2021\/10\/ENT-6031-Polly-Gas-bird-neon-XL-R-O.jpg","datePublished":"2021-10-04T05:44:28+00:00","dateModified":"2026-04-06T16:27:12+00:00","description":"Crear ese ambiente c\u00e1lido, con 6031 Polly Gas bird XL ne\u00f3n. El ne\u00f3n son de alta calidad, 2 a\u00f1os de garant\u00eda y precio en punto!","breadcrumb":{"@id":"https:\/\/neonfactory.com\/es\/decoration-neon\/companias-petroleras\/ent-6031-polly-gas-bird-xl-neon\/#breadcrumb"},"inLanguage":"es","potentialAction":[{"@type":"ReadAction","target":["https:\/\/neonfactory.com\/es\/decoration-neon\/companias-petroleras\/ent-6031-polly-gas-bird-xl-neon\/"]}]},{"@type":"ImageObject","inLanguage":"es","@id":"https:\/\/neonfactory.com\/es\/decoration-neon\/companias-petroleras\/ent-6031-polly-gas-bird-xl-neon\/#primaryimage","url":"https:\/\/neonfactory.com\/wp-content\/uploads\/2021\/10\/ENT-6031-Polly-Gas-bird-neon-XL-R-O.jpg","contentUrl":"https:\/\/neonfactory.com\/wp-content\/uploads\/2021\/10\/ENT-6031-Polly-Gas-bird-neon-XL-R-O.jpg","width":750,"height":750,"caption":"ENT 6031 Polly Gas bird neon XL R O"},{"@type":"BreadcrumbList","@id":"https:\/\/neonfactory.com\/es\/decoration-neon\/companias-petroleras\/ent-6031-polly-gas-bird-xl-neon\/#breadcrumb","itemListElement":[{"@type":"ListItem","position":1,"name":"Home","item":"https:\/\/neonfactory.com\/es\/"},{"@type":"ListItem","position":2,"name":"Decoraci\u00f3n de ne\u00f3n","item":"https:\/\/neonfactory.com\/es\/decoracion-de-neon\/"},{"@type":"ListItem","position":3,"name":"ENT 6031 Polly gas bird XL neon"}]},{"@type":"WebSite","@id":"https:\/\/neonfactory.com\/#website","url":"https:\/\/neonfactory.com\/","name":"Neonfactory","description":"Neonreclame, neonverlichting, neon op maat, neon glasblazen &amp; neon reparatie Met 26 jaar internationale productie ervaring zijn wij de \u00e9\u00e9n van de grotere aanbieders op het gebied van neon producten.","publisher":{"@id":"https:\/\/neonfactory.com\/#organization"},"potentialAction":[{"@type":"SearchAction","target":{"@type":"EntryPoint","urlTemplate":"https:\/\/neonfactory.com\/?s={search_term_string}"},"query-input":{"@type":"PropertyValueSpecification","valueRequired":true,"valueName":"search_term_string"}}],"inLanguage":"es"},{"@type":"Organization","@id":"https:\/\/neonfactory.com\/#organization","name":"Neonfactory","url":"https:\/\/neonfactory.com\/","logo":{"@type":"ImageObject","inLanguage":"es","@id":"https:\/\/neonfactory.com\/#\/schema\/logo\/image\/","url":"https:\/\/neonfactory.com\/wp-content\/uploads\/2017\/10\/neonfactory-logo-zwart.png","contentUrl":"https:\/\/neonfactory.com\/wp-content\/uploads\/2017\/10\/neonfactory-logo-zwart.png","width":460,"height":74,"caption":"Neonfactory"},"image":{"@id":"https:\/\/neonfactory.com\/#\/schema\/logo\/image\/"},"sameAs":["https:\/\/www.pinterest.com\/neonfactory\/"]}]}},"_links":{"self":[{"href":"https:\/\/neonfactory.com\/es\/wp-json\/wp\/v2\/product\/8251"}],"collection":[{"href":"https:\/\/neonfactory.com\/es\/wp-json\/wp\/v2\/product"}],"about":[{"href":"https:\/\/neonfactory.com\/es\/wp-json\/wp\/v2\/types\/product"}],"wp:featuredmedia":[{"embeddable":true,"href":"https:\/\/neonfactory.com\/es\/wp-json\/wp\/v2\/media\/10513"}],"wp:attachment":[{"href":"https:\/\/neonfactory.com\/es\/wp-json\/wp\/v2\/media?parent=8251"}],"wp:term":[{"taxonomy":"product_cat","embeddable":true,"href":"https:\/\/neonfactory.com\/es\/wp-json\/wp\/v2\/product_cat?post=8251"},{"taxonomy":"product_tag","embeddable":true,"href":"https:\/\/neonfactory.com\/es\/wp-json\/wp\/v2\/product_tag?post=8251"}],"curies":[{"name":"wp","href":"https:\/\/api.w.org\/{rel}","templated":true}]}}