{"id":7878,"date":"2019-11-04T11:46:04","date_gmt":"2019-11-04T13:49:09","guid":{"rendered":"https:\/\/neonfactory.com\/?post_type=product&#038;p=7878"},"modified":"2019-11-04T14:49:09","modified_gmt":"2019-11-04T13:49:09","slug":"reparacion-de-neon-2","status":"publish","type":"product","link":"https:\/\/neonfactory.com\/es\/decoration-neon\/reparacion-de-neon\/reparacion-de-neon-2\/","title":{"rendered":"Reparaci\u00f3n de ne\u00f3n 2"},"content":{"rendered":"<p>Neon sign repair and creation \u00a0<\/p><p>In our own glassworks in the Netherlands we make neon lighting, special neon orders, logos, neon letters and texts. We repair all types of neon from China, America or Europe. We specialize in pre-coated neon glass and have almost all the usual neon colors and diameters in stock.<\/p><p>If a neon is broken then it is sometimes difficult to find the cause or glass break (s). Several glass systems can also be leaking or broken and the transformer can also be damaged. If you send us a clear photo of the broken neon by email, we can give you an estimate of the costs in advance. Repair prices are varied but usually vary between 50,00 and 100,00 Euro excluding VAT.<\/p><p><em>Do you have a repair? Then use the contact page and attach a photo of the broken neon. We only give price indications based on the email form received.<\/em><\/p>","protected":false},"excerpt":{"rendered":"<p><P><\/P><\/p>\n","protected":false},"featured_media":4265,"template":"","meta":{"_monsterinsights_skip_tracking":false,"_monsterinsights_sitenote_active":false,"_monsterinsights_sitenote_note":"","_monsterinsights_sitenote_category":0},"product_cat":[3159],"product_tag":[],"yoast_head":"<!-- This site is optimized with the Yoast SEO Premium plugin v24.4 (Yoast SEO v24.4) - https:\/\/yoast.com\/wordpress\/plugins\/seo\/ -->\n<title>Reparaci\u00f3n de iluminaci\u00f3n de ne\u00f3n, dise\u00f1ar y producir<\/title>\n<meta name=\"description\" content=\"Reparaci\u00f3n de iluminaci\u00f3n de ne\u00f3n, dise\u00f1ar y producir\" \/>\n<meta name=\"robots\" content=\"index, follow, max-snippet:-1, max-image-preview:large, max-video-preview:-1\" \/>\n<link rel=\"canonical\" href=\"https:\/\/neonfactory.com\/es\/decoration-neon\/reparacion-de-neon\/reparacion-de-neon-2\/\" \/>\n<meta property=\"og:locale\" content=\"es_ES\" \/>\n<meta property=\"og:type\" content=\"article\" \/>\n<meta property=\"og:title\" content=\"Reparaci\u00f3n de ne\u00f3n 2\" \/>\n<meta property=\"og:description\" content=\"Reparaci\u00f3n de iluminaci\u00f3n de ne\u00f3n, dise\u00f1ar y producir\" \/>\n<meta property=\"og:url\" content=\"https:\/\/neonfactory.com\/es\/decoration-neon\/reparacion-de-neon\/reparacion-de-neon-2\/\" \/>\n<meta property=\"og:site_name\" content=\"Neonfactory\" \/>\n<meta property=\"og:image\" content=\"https:\/\/neonfactory.com\/wp-content\/uploads\/2017\/10\/neon-reparatie-Entech.jpg\" \/>\n\t<meta property=\"og:image:width\" content=\"336\" \/>\n\t<meta property=\"og:image:height\" content=\"336\" \/>\n\t<meta property=\"og:image:type\" content=\"image\/jpeg\" \/>\n<meta name=\"twitter:card\" content=\"summary_large_image\" \/>\n<meta name=\"twitter:label1\" content=\"Tiempo de lectura\" \/>\n\t<meta name=\"twitter:data1\" content=\"1 minuto\" \/>\n<script type=\"application\/ld+json\" class=\"yoast-schema-graph\">{\"@context\":\"https:\/\/schema.org\",\"@graph\":[{\"@type\":\"WebPage\",\"@id\":\"https:\/\/neonfactory.com\/es\/decoration-neon\/reparacion-de-neon\/reparacion-de-neon-2\/\",\"url\":\"https:\/\/neonfactory.com\/es\/decoration-neon\/reparacion-de-neon\/reparacion-de-neon-2\/\",\"name\":\"Reparaci\u00f3n de iluminaci\u00f3n de ne\u00f3n, dise\u00f1ar y producir\",\"isPartOf\":{\"@id\":\"https:\/\/neonfactory.com\/#website\"},\"primaryImageOfPage\":{\"@id\":\"https:\/\/neonfactory.com\/es\/decoration-neon\/reparacion-de-neon\/reparacion-de-neon-2\/#primaryimage\"},\"image\":{\"@id\":\"https:\/\/neonfactory.com\/es\/decoration-neon\/reparacion-de-neon\/reparacion-de-neon-2\/#primaryimage\"},\"thumbnailUrl\":\"https:\/\/neonfactory.com\/wp-content\/uploads\/2017\/10\/neon-reparatie-Entech.jpg\",\"datePublished\":\"2019-11-04T13:49:09+00:00\",\"description\":\"Reparaci\u00f3n de iluminaci\u00f3n de ne\u00f3n, dise\u00f1ar y producir\",\"breadcrumb\":{\"@id\":\"https:\/\/neonfactory.com\/es\/decoration-neon\/reparacion-de-neon\/reparacion-de-neon-2\/#breadcrumb\"},\"inLanguage\":\"es\",\"potentialAction\":[{\"@type\":\"ReadAction\",\"target\":[\"https:\/\/neonfactory.com\/es\/decoration-neon\/reparacion-de-neon\/reparacion-de-neon-2\/\"]}]},{\"@type\":\"ImageObject\",\"inLanguage\":\"es\",\"@id\":\"https:\/\/neonfactory.com\/es\/decoration-neon\/reparacion-de-neon\/reparacion-de-neon-2\/#primaryimage\",\"url\":\"https:\/\/neonfactory.com\/wp-content\/uploads\/2017\/10\/neon-reparatie-Entech.jpg\",\"contentUrl\":\"https:\/\/neonfactory.com\/wp-content\/uploads\/2017\/10\/neon-reparatie-Entech.jpg\",\"width\":336,\"height\":336,\"caption\":\"Reparaci\u00f3n de iluminaci\u00f3n de ne\u00f3n, dise\u00f1ar y producir marcas personalizadas logotipos nombre barra de texto restaurante mancave neonfactory\"},{\"@type\":\"BreadcrumbList\",\"@id\":\"https:\/\/neonfactory.com\/es\/decoration-neon\/reparacion-de-neon\/reparacion-de-neon-2\/#breadcrumb\",\"itemListElement\":[{\"@type\":\"ListItem\",\"position\":1,\"name\":\"Home\",\"item\":\"https:\/\/neonfactory.com\/es\/\"},{\"@type\":\"ListItem\",\"position\":2,\"name\":\"Decoraci\u00f3n de ne\u00f3n\",\"item\":\"https:\/\/neonfactory.com\/es\/decoracion-de-neon\/\"},{\"@type\":\"ListItem\",\"position\":3,\"name\":\"Reparaci\u00f3n de ne\u00f3n 2\"}]},{\"@type\":\"WebSite\",\"@id\":\"https:\/\/neonfactory.com\/#website\",\"url\":\"https:\/\/neonfactory.com\/\",\"name\":\"Neonfactory\",\"description\":\"Neonreclame, neonverlichting, neon op maat, neon glasblazen &amp; neon reparatie Met 26 jaar internationale productie ervaring zijn wij de \u00e9\u00e9n van de grotere aanbieders op het gebied van neon producten.\",\"publisher\":{\"@id\":\"https:\/\/neonfactory.com\/#organization\"},\"potentialAction\":[{\"@type\":\"SearchAction\",\"target\":{\"@type\":\"EntryPoint\",\"urlTemplate\":\"https:\/\/neonfactory.com\/?s={search_term_string}\"},\"query-input\":{\"@type\":\"PropertyValueSpecification\",\"valueRequired\":true,\"valueName\":\"search_term_string\"}}],\"inLanguage\":\"es\"},{\"@type\":\"Organization\",\"@id\":\"https:\/\/neonfactory.com\/#organization\",\"name\":\"Neonfactory\",\"url\":\"https:\/\/neonfactory.com\/\",\"logo\":{\"@type\":\"ImageObject\",\"inLanguage\":\"es\",\"@id\":\"https:\/\/neonfactory.com\/#\/schema\/logo\/image\/\",\"url\":\"https:\/\/neonfactory.com\/wp-content\/uploads\/2017\/10\/neonfactory-logo-zwart.png\",\"contentUrl\":\"https:\/\/neonfactory.com\/wp-content\/uploads\/2017\/10\/neonfactory-logo-zwart.png\",\"width\":460,\"height\":74,\"caption\":\"Neonfactory\"},\"image\":{\"@id\":\"https:\/\/neonfactory.com\/#\/schema\/logo\/image\/\"},\"sameAs\":[\"https:\/\/www.pinterest.com\/neonfactory\/\"]}]}<\/script>\n<!-- \/ Yoast SEO Premium plugin. -->","yoast_head_json":{"title":"Reparaci\u00f3n de iluminaci\u00f3n de ne\u00f3n, dise\u00f1ar y producir","description":"Reparaci\u00f3n de iluminaci\u00f3n de ne\u00f3n, dise\u00f1ar y producir","robots":{"index":"index","follow":"follow","max-snippet":"max-snippet:-1","max-image-preview":"max-image-preview:large","max-video-preview":"max-video-preview:-1"},"canonical":"https:\/\/neonfactory.com\/es\/decoration-neon\/reparacion-de-neon\/reparacion-de-neon-2\/","og_locale":"es_ES","og_type":"article","og_title":"Reparaci\u00f3n de ne\u00f3n 2","og_description":"Reparaci\u00f3n de iluminaci\u00f3n de ne\u00f3n, dise\u00f1ar y producir","og_url":"https:\/\/neonfactory.com\/es\/decoration-neon\/reparacion-de-neon\/reparacion-de-neon-2\/","og_site_name":"Neonfactory","og_image":[{"width":336,"height":336,"url":"https:\/\/neonfactory.com\/wp-content\/uploads\/2017\/10\/neon-reparatie-Entech.jpg","type":"image\/jpeg"}],"twitter_card":"summary_large_image","twitter_misc":{"Tiempo de lectura":"1 minuto"},"schema":{"@context":"https:\/\/schema.org","@graph":[{"@type":"WebPage","@id":"https:\/\/neonfactory.com\/es\/decoration-neon\/reparacion-de-neon\/reparacion-de-neon-2\/","url":"https:\/\/neonfactory.com\/es\/decoration-neon\/reparacion-de-neon\/reparacion-de-neon-2\/","name":"Reparaci\u00f3n de iluminaci\u00f3n de ne\u00f3n, dise\u00f1ar y producir","isPartOf":{"@id":"https:\/\/neonfactory.com\/#website"},"primaryImageOfPage":{"@id":"https:\/\/neonfactory.com\/es\/decoration-neon\/reparacion-de-neon\/reparacion-de-neon-2\/#primaryimage"},"image":{"@id":"https:\/\/neonfactory.com\/es\/decoration-neon\/reparacion-de-neon\/reparacion-de-neon-2\/#primaryimage"},"thumbnailUrl":"https:\/\/neonfactory.com\/wp-content\/uploads\/2017\/10\/neon-reparatie-Entech.jpg","datePublished":"2019-11-04T13:49:09+00:00","description":"Reparaci\u00f3n de iluminaci\u00f3n de ne\u00f3n, dise\u00f1ar y producir","breadcrumb":{"@id":"https:\/\/neonfactory.com\/es\/decoration-neon\/reparacion-de-neon\/reparacion-de-neon-2\/#breadcrumb"},"inLanguage":"es","potentialAction":[{"@type":"ReadAction","target":["https:\/\/neonfactory.com\/es\/decoration-neon\/reparacion-de-neon\/reparacion-de-neon-2\/"]}]},{"@type":"ImageObject","inLanguage":"es","@id":"https:\/\/neonfactory.com\/es\/decoration-neon\/reparacion-de-neon\/reparacion-de-neon-2\/#primaryimage","url":"https:\/\/neonfactory.com\/wp-content\/uploads\/2017\/10\/neon-reparatie-Entech.jpg","contentUrl":"https:\/\/neonfactory.com\/wp-content\/uploads\/2017\/10\/neon-reparatie-Entech.jpg","width":336,"height":336,"caption":"Reparaci\u00f3n de iluminaci\u00f3n de ne\u00f3n, dise\u00f1ar y producir marcas personalizadas logotipos nombre barra de texto restaurante mancave neonfactory"},{"@type":"BreadcrumbList","@id":"https:\/\/neonfactory.com\/es\/decoration-neon\/reparacion-de-neon\/reparacion-de-neon-2\/#breadcrumb","itemListElement":[{"@type":"ListItem","position":1,"name":"Home","item":"https:\/\/neonfactory.com\/es\/"},{"@type":"ListItem","position":2,"name":"Decoraci\u00f3n de ne\u00f3n","item":"https:\/\/neonfactory.com\/es\/decoracion-de-neon\/"},{"@type":"ListItem","position":3,"name":"Reparaci\u00f3n de ne\u00f3n 2"}]},{"@type":"WebSite","@id":"https:\/\/neonfactory.com\/#website","url":"https:\/\/neonfactory.com\/","name":"Neonfactory","description":"Neonreclame, neonverlichting, neon op maat, neon glasblazen &amp; neon reparatie Met 26 jaar internationale productie ervaring zijn wij de \u00e9\u00e9n van de grotere aanbieders op het gebied van neon producten.","publisher":{"@id":"https:\/\/neonfactory.com\/#organization"},"potentialAction":[{"@type":"SearchAction","target":{"@type":"EntryPoint","urlTemplate":"https:\/\/neonfactory.com\/?s={search_term_string}"},"query-input":{"@type":"PropertyValueSpecification","valueRequired":true,"valueName":"search_term_string"}}],"inLanguage":"es"},{"@type":"Organization","@id":"https:\/\/neonfactory.com\/#organization","name":"Neonfactory","url":"https:\/\/neonfactory.com\/","logo":{"@type":"ImageObject","inLanguage":"es","@id":"https:\/\/neonfactory.com\/#\/schema\/logo\/image\/","url":"https:\/\/neonfactory.com\/wp-content\/uploads\/2017\/10\/neonfactory-logo-zwart.png","contentUrl":"https:\/\/neonfactory.com\/wp-content\/uploads\/2017\/10\/neonfactory-logo-zwart.png","width":460,"height":74,"caption":"Neonfactory"},"image":{"@id":"https:\/\/neonfactory.com\/#\/schema\/logo\/image\/"},"sameAs":["https:\/\/www.pinterest.com\/neonfactory\/"]}]}},"_links":{"self":[{"href":"https:\/\/neonfactory.com\/es\/wp-json\/wp\/v2\/product\/7878"}],"collection":[{"href":"https:\/\/neonfactory.com\/es\/wp-json\/wp\/v2\/product"}],"about":[{"href":"https:\/\/neonfactory.com\/es\/wp-json\/wp\/v2\/types\/product"}],"wp:featuredmedia":[{"embeddable":true,"href":"https:\/\/neonfactory.com\/es\/wp-json\/wp\/v2\/media\/4265"}],"wp:attachment":[{"href":"https:\/\/neonfactory.com\/es\/wp-json\/wp\/v2\/media?parent=7878"}],"wp:term":[{"taxonomy":"product_cat","embeddable":true,"href":"https:\/\/neonfactory.com\/es\/wp-json\/wp\/v2\/product_cat?post=7878"},{"taxonomy":"product_tag","embeddable":true,"href":"https:\/\/neonfactory.com\/es\/wp-json\/wp\/v2\/product_tag?post=7878"}],"curies":[{"name":"wp","href":"https:\/\/api.w.org\/{rel}","templated":true}]}}