{"id":9035,"date":"2021-10-08T16:30:15","date_gmt":"2025-09-19T08:09:22","guid":{"rendered":"https:\/\/neonfactory.com\/?post_type=product&#038;p=9035"},"modified":"2025-09-19T10:16:06","modified_gmt":"2025-09-19T08:16:06","slug":"ent-8305-corvette-neon","status":"publish","type":"product","link":"https:\/\/neonfactory.com\/de\/decoration-neon\/automotive-de\/ent-8305-corvette-neon\/","title":{"rendered":"ENT 8305 Corvette Neon"},"content":{"rendered":"<p>Die ENT 8305 Corvette Neon ist aus Neonglas gemacht, das auf speziellen, sto\u00dfged\u00e4mpften Glashaltern auf einer farbig bedruckten R\u00fcckwand montiert ist. Dadurch sind die Anschl\u00fcsse und die Verkabelung praktisch unsichtbar und das Neon ist genauso sch\u00f6n, wenn es ausgeschaltet ist&#8230; Hinter dem Schild befindet sich ein schwarzer Metallrahmen, der sich zum Aufh\u00e4ngen oder Aufstellen eignet. Er wird komplett mit Ein-\/Ausschalter und Stecker geliefert und ist mit einem sicheren Trafo ausgestattet, der sich bei Glasbruch oder Kurzschluss automatisch abschaltet. Die Neonwerbung von Neon Factory ist qualitativ hochwertig und sehr leistbar.<\/p><p>Neondesign: Neonfarben: rot, wei\u00df, gelb<\/p><p>Rahmenma\u00dfe: B x H x T: 80 x 40 x 15 cm       <\/p><p>Optional: Neon-Dimmer<\/p><p>Optional: doppelte Versandverpackung mit Schaumstoff<\/p><p>Neonglas wird von Hand von einem Glasbl\u00e4ser gebogen, mit die Elektrode beschichtet und mit dem Edelgas gef\u00fcllt. Die R\u00f6hren werden auf einem Hintergrund mit Metallrahmen montiert und mit dem Trafo verbunden. Neon ist ein traditionelles und individuell handgefertigtes Produkt und kann daher immer geringf\u00fcgig von den dargestellten Fotos oder den Ma\u00dfen abweichen. Auch die Farben weichen immer geringf\u00fcgig ab und sind teilweise abh\u00e4ngig vom verwendeten Bildschirm.<\/p><p>Das ENT 8305 Corvette sportscar Neonschild ist f\u00fcr den Innenbereich gemacht. Wir geben zwei Jahre Garantie auf die einwandfreie Funktion des Neonschildes, wobei Besch\u00e4digungen oder Glasbruch immer ausgeschlossen sind. Die Garantie bezieht sich auf Material- und Arbeitslohn, jedoch ohne die Transportkosten zu und von unserer Werkstatt.<\/p><p>Wenn ein Neon nicht vorr\u00e4tig ist, k\u00f6nnen wir die Neonbeleuchtung genauso schnell liefern oder in unserer eigenen Glasbl\u00e4serei in den Niederlanden herstellen. <a href=\"https:\/\/neonfactory.com\/de\/neondekoration\/\">Alternativ<\/a> k\u00f6nnen Sie sich auch unsere anderen Neon-Dekos ansehen oder Ihr eigenes Neon anfertigen lassen. Sie k\u00f6nnen uns auch f\u00fcr Sonderanfertigungen, Leuchtwerbung, Neonschrift und Neonreparaturen kontaktieren.<\/p><p>Neonfactory hat die gr\u00f6\u00dfte Auswahl an originellem Dekorations-Neon!<\/p>","protected":false},"excerpt":{"rendered":"<p><P><\/P><\/p>\n","protected":false},"featured_media":8938,"template":"","meta":{"_monsterinsights_skip_tracking":false,"_monsterinsights_sitenote_active":false,"_monsterinsights_sitenote_note":"","_monsterinsights_sitenote_category":0},"product_cat":[365,64,65],"product_tag":[],"yoast_head":"<!-- This site is optimized with the Yoast SEO Premium plugin v24.4 (Yoast SEO v24.4) - https:\/\/yoast.com\/wordpress\/plugins\/seo\/ -->\n<title>8305 Corvette Neonschild - Hohe Qualit\u00e4t, attraktiver Preis<\/title>\n<meta name=\"description\" content=\"Die gr\u00f6\u00dfte Auswahl an Dekorationsneon! Eine besondere Atmosph\u00e4re mit der ENT 8305 Corvette sportscar Neon. Hohe Qualit\u00e4t und 2 Jahre Garantie!\" \/>\n<meta name=\"robots\" content=\"index, follow, max-snippet:-1, max-image-preview:large, max-video-preview:-1\" \/>\n<link rel=\"canonical\" href=\"https:\/\/neonfactory.com\/de\/decoration-neon\/automotive-de\/ent-8305-corvette-neon\/\" \/>\n<meta property=\"og:locale\" content=\"de_DE\" \/>\n<meta property=\"og:type\" content=\"article\" \/>\n<meta property=\"og:title\" content=\"ENT 8305 Corvette Neon\" \/>\n<meta property=\"og:description\" content=\"Die gr\u00f6\u00dfte Auswahl an Dekorationsneon! Eine besondere Atmosph\u00e4re mit der ENT 8305 Corvette sportscar Neon. Hohe Qualit\u00e4t und 2 Jahre Garantie!\" \/>\n<meta property=\"og:url\" content=\"https:\/\/neonfactory.com\/de\/decoration-neon\/automotive-de\/ent-8305-corvette-neon\/\" \/>\n<meta property=\"og:site_name\" content=\"Neonfactory\" \/>\n<meta property=\"article:modified_time\" content=\"2025-09-19T08:16:06+00:00\" \/>\n<meta property=\"og:image\" content=\"https:\/\/neonfactory.com\/wp-content\/uploads\/2021\/10\/ENT-8305-Corvette-C1-neon.jpg\" \/>\n\t<meta property=\"og:image:width\" content=\"750\" \/>\n\t<meta property=\"og:image:height\" content=\"750\" \/>\n\t<meta property=\"og:image:type\" content=\"image\/jpeg\" \/>\n<meta name=\"twitter:card\" content=\"summary_large_image\" \/>\n<meta name=\"twitter:label1\" content=\"Gesch\u00e4tzte Lesezeit\" \/>\n\t<meta name=\"twitter:data1\" content=\"2\u00a0Minuten\" \/>\n<script type=\"application\/ld+json\" class=\"yoast-schema-graph\">{\"@context\":\"https:\/\/schema.org\",\"@graph\":[{\"@type\":\"WebPage\",\"@id\":\"https:\/\/neonfactory.com\/de\/decoration-neon\/automotive-de\/ent-8305-corvette-neon\/\",\"url\":\"https:\/\/neonfactory.com\/de\/decoration-neon\/automotive-de\/ent-8305-corvette-neon\/\",\"name\":\"8305 Corvette Neonschild - Hohe Qualit\u00e4t, attraktiver Preis\",\"isPartOf\":{\"@id\":\"https:\/\/neonfactory.com\/#website\"},\"primaryImageOfPage\":{\"@id\":\"https:\/\/neonfactory.com\/de\/decoration-neon\/automotive-de\/ent-8305-corvette-neon\/#primaryimage\"},\"image\":{\"@id\":\"https:\/\/neonfactory.com\/de\/decoration-neon\/automotive-de\/ent-8305-corvette-neon\/#primaryimage\"},\"thumbnailUrl\":\"https:\/\/neonfactory.com\/wp-content\/uploads\/2021\/10\/ENT-8305-Corvette-C1-neon.jpg\",\"datePublished\":\"2025-09-19T08:09:22+00:00\",\"dateModified\":\"2025-09-19T08:16:06+00:00\",\"description\":\"Die gr\u00f6\u00dfte Auswahl an Dekorationsneon! Eine besondere Atmosph\u00e4re mit der ENT 8305 Corvette sportscar Neon. Hohe Qualit\u00e4t und 2 Jahre Garantie!\",\"breadcrumb\":{\"@id\":\"https:\/\/neonfactory.com\/de\/decoration-neon\/automotive-de\/ent-8305-corvette-neon\/#breadcrumb\"},\"inLanguage\":\"de\",\"potentialAction\":[{\"@type\":\"ReadAction\",\"target\":[\"https:\/\/neonfactory.com\/de\/decoration-neon\/automotive-de\/ent-8305-corvette-neon\/\"]}]},{\"@type\":\"ImageObject\",\"inLanguage\":\"de\",\"@id\":\"https:\/\/neonfactory.com\/de\/decoration-neon\/automotive-de\/ent-8305-corvette-neon\/#primaryimage\",\"url\":\"https:\/\/neonfactory.com\/wp-content\/uploads\/2021\/10\/ENT-8305-Corvette-C1-neon.jpg\",\"contentUrl\":\"https:\/\/neonfactory.com\/wp-content\/uploads\/2021\/10\/ENT-8305-Corvette-C1-neon.jpg\",\"width\":750,\"height\":750,\"caption\":\"ENT 8305 corvette C1 car neon sign neonfactory designs fifties Signs USA bar decoratie mancave vintage\"},{\"@type\":\"BreadcrumbList\",\"@id\":\"https:\/\/neonfactory.com\/de\/decoration-neon\/automotive-de\/ent-8305-corvette-neon\/#breadcrumb\",\"itemListElement\":[{\"@type\":\"ListItem\",\"position\":1,\"name\":\"Home\",\"item\":\"https:\/\/neonfactory.com\/de\/\"},{\"@type\":\"ListItem\",\"position\":2,\"name\":\"Neondekoration\",\"item\":\"https:\/\/neonfactory.com\/de\/neondekoration\/\"},{\"@type\":\"ListItem\",\"position\":3,\"name\":\"ENT 8305 Corvette Neon\"}]},{\"@type\":\"WebSite\",\"@id\":\"https:\/\/neonfactory.com\/#website\",\"url\":\"https:\/\/neonfactory.com\/\",\"name\":\"Neonfactory\",\"description\":\"Neonreclame, neonverlichting, neon op maat, neon glasblazen &amp; neon reparatie Met 26 jaar internationale productie ervaring zijn wij de \u00e9\u00e9n van de grotere aanbieders op het gebied van neon producten.\",\"publisher\":{\"@id\":\"https:\/\/neonfactory.com\/#organization\"},\"potentialAction\":[{\"@type\":\"SearchAction\",\"target\":{\"@type\":\"EntryPoint\",\"urlTemplate\":\"https:\/\/neonfactory.com\/?s={search_term_string}\"},\"query-input\":{\"@type\":\"PropertyValueSpecification\",\"valueRequired\":true,\"valueName\":\"search_term_string\"}}],\"inLanguage\":\"de\"},{\"@type\":\"Organization\",\"@id\":\"https:\/\/neonfactory.com\/#organization\",\"name\":\"Neonfactory\",\"url\":\"https:\/\/neonfactory.com\/\",\"logo\":{\"@type\":\"ImageObject\",\"inLanguage\":\"de\",\"@id\":\"https:\/\/neonfactory.com\/#\/schema\/logo\/image\/\",\"url\":\"https:\/\/neonfactory.com\/wp-content\/uploads\/2017\/10\/neonfactory-logo-zwart.png\",\"contentUrl\":\"https:\/\/neonfactory.com\/wp-content\/uploads\/2017\/10\/neonfactory-logo-zwart.png\",\"width\":460,\"height\":74,\"caption\":\"Neonfactory\"},\"image\":{\"@id\":\"https:\/\/neonfactory.com\/#\/schema\/logo\/image\/\"},\"sameAs\":[\"https:\/\/www.pinterest.com\/neonfactory\/\"]}]}<\/script>\n<!-- \/ Yoast SEO Premium plugin. -->","yoast_head_json":{"title":"8305 Corvette Neonschild - Hohe Qualit\u00e4t, attraktiver Preis","description":"Die gr\u00f6\u00dfte Auswahl an Dekorationsneon! Eine besondere Atmosph\u00e4re mit der ENT 8305 Corvette sportscar Neon. Hohe Qualit\u00e4t und 2 Jahre Garantie!","robots":{"index":"index","follow":"follow","max-snippet":"max-snippet:-1","max-image-preview":"max-image-preview:large","max-video-preview":"max-video-preview:-1"},"canonical":"https:\/\/neonfactory.com\/de\/decoration-neon\/automotive-de\/ent-8305-corvette-neon\/","og_locale":"de_DE","og_type":"article","og_title":"ENT 8305 Corvette Neon","og_description":"Die gr\u00f6\u00dfte Auswahl an Dekorationsneon! Eine besondere Atmosph\u00e4re mit der ENT 8305 Corvette sportscar Neon. Hohe Qualit\u00e4t und 2 Jahre Garantie!","og_url":"https:\/\/neonfactory.com\/de\/decoration-neon\/automotive-de\/ent-8305-corvette-neon\/","og_site_name":"Neonfactory","article_modified_time":"2025-09-19T08:16:06+00:00","og_image":[{"width":750,"height":750,"url":"https:\/\/neonfactory.com\/wp-content\/uploads\/2021\/10\/ENT-8305-Corvette-C1-neon.jpg","type":"image\/jpeg"}],"twitter_card":"summary_large_image","twitter_misc":{"Gesch\u00e4tzte Lesezeit":"2\u00a0Minuten"},"schema":{"@context":"https:\/\/schema.org","@graph":[{"@type":"WebPage","@id":"https:\/\/neonfactory.com\/de\/decoration-neon\/automotive-de\/ent-8305-corvette-neon\/","url":"https:\/\/neonfactory.com\/de\/decoration-neon\/automotive-de\/ent-8305-corvette-neon\/","name":"8305 Corvette Neonschild - Hohe Qualit\u00e4t, attraktiver Preis","isPartOf":{"@id":"https:\/\/neonfactory.com\/#website"},"primaryImageOfPage":{"@id":"https:\/\/neonfactory.com\/de\/decoration-neon\/automotive-de\/ent-8305-corvette-neon\/#primaryimage"},"image":{"@id":"https:\/\/neonfactory.com\/de\/decoration-neon\/automotive-de\/ent-8305-corvette-neon\/#primaryimage"},"thumbnailUrl":"https:\/\/neonfactory.com\/wp-content\/uploads\/2021\/10\/ENT-8305-Corvette-C1-neon.jpg","datePublished":"2025-09-19T08:09:22+00:00","dateModified":"2025-09-19T08:16:06+00:00","description":"Die gr\u00f6\u00dfte Auswahl an Dekorationsneon! Eine besondere Atmosph\u00e4re mit der ENT 8305 Corvette sportscar Neon. Hohe Qualit\u00e4t und 2 Jahre Garantie!","breadcrumb":{"@id":"https:\/\/neonfactory.com\/de\/decoration-neon\/automotive-de\/ent-8305-corvette-neon\/#breadcrumb"},"inLanguage":"de","potentialAction":[{"@type":"ReadAction","target":["https:\/\/neonfactory.com\/de\/decoration-neon\/automotive-de\/ent-8305-corvette-neon\/"]}]},{"@type":"ImageObject","inLanguage":"de","@id":"https:\/\/neonfactory.com\/de\/decoration-neon\/automotive-de\/ent-8305-corvette-neon\/#primaryimage","url":"https:\/\/neonfactory.com\/wp-content\/uploads\/2021\/10\/ENT-8305-Corvette-C1-neon.jpg","contentUrl":"https:\/\/neonfactory.com\/wp-content\/uploads\/2021\/10\/ENT-8305-Corvette-C1-neon.jpg","width":750,"height":750,"caption":"ENT 8305 corvette C1 car neon sign neonfactory designs fifties Signs USA bar decoratie mancave vintage"},{"@type":"BreadcrumbList","@id":"https:\/\/neonfactory.com\/de\/decoration-neon\/automotive-de\/ent-8305-corvette-neon\/#breadcrumb","itemListElement":[{"@type":"ListItem","position":1,"name":"Home","item":"https:\/\/neonfactory.com\/de\/"},{"@type":"ListItem","position":2,"name":"Neondekoration","item":"https:\/\/neonfactory.com\/de\/neondekoration\/"},{"@type":"ListItem","position":3,"name":"ENT 8305 Corvette Neon"}]},{"@type":"WebSite","@id":"https:\/\/neonfactory.com\/#website","url":"https:\/\/neonfactory.com\/","name":"Neonfactory","description":"Neonreclame, neonverlichting, neon op maat, neon glasblazen &amp; neon reparatie Met 26 jaar internationale productie ervaring zijn wij de \u00e9\u00e9n van de grotere aanbieders op het gebied van neon producten.","publisher":{"@id":"https:\/\/neonfactory.com\/#organization"},"potentialAction":[{"@type":"SearchAction","target":{"@type":"EntryPoint","urlTemplate":"https:\/\/neonfactory.com\/?s={search_term_string}"},"query-input":{"@type":"PropertyValueSpecification","valueRequired":true,"valueName":"search_term_string"}}],"inLanguage":"de"},{"@type":"Organization","@id":"https:\/\/neonfactory.com\/#organization","name":"Neonfactory","url":"https:\/\/neonfactory.com\/","logo":{"@type":"ImageObject","inLanguage":"de","@id":"https:\/\/neonfactory.com\/#\/schema\/logo\/image\/","url":"https:\/\/neonfactory.com\/wp-content\/uploads\/2017\/10\/neonfactory-logo-zwart.png","contentUrl":"https:\/\/neonfactory.com\/wp-content\/uploads\/2017\/10\/neonfactory-logo-zwart.png","width":460,"height":74,"caption":"Neonfactory"},"image":{"@id":"https:\/\/neonfactory.com\/#\/schema\/logo\/image\/"},"sameAs":["https:\/\/www.pinterest.com\/neonfactory\/"]}]}},"_links":{"self":[{"href":"https:\/\/neonfactory.com\/de\/wp-json\/wp\/v2\/product\/9035"}],"collection":[{"href":"https:\/\/neonfactory.com\/de\/wp-json\/wp\/v2\/product"}],"about":[{"href":"https:\/\/neonfactory.com\/de\/wp-json\/wp\/v2\/types\/product"}],"wp:featuredmedia":[{"embeddable":true,"href":"https:\/\/neonfactory.com\/de\/wp-json\/wp\/v2\/media\/8938"}],"wp:attachment":[{"href":"https:\/\/neonfactory.com\/de\/wp-json\/wp\/v2\/media?parent=9035"}],"wp:term":[{"taxonomy":"product_cat","embeddable":true,"href":"https:\/\/neonfactory.com\/de\/wp-json\/wp\/v2\/product_cat?post=9035"},{"taxonomy":"product_tag","embeddable":true,"href":"https:\/\/neonfactory.com\/de\/wp-json\/wp\/v2\/product_tag?post=9035"}],"curies":[{"name":"wp","href":"https:\/\/api.w.org\/{rel}","templated":true}]}}