{"id":7893,"date":"2019-11-04T15:23:16","date_gmt":"2019-11-04T14:31:06","guid":{"rendered":"https:\/\/neonfactory.com\/?post_type=product&#038;p=7893"},"modified":"2019-11-04T15:31:06","modified_gmt":"2019-11-04T14:31:06","slug":"neonbeleuchtung-erstellen-4","status":"publish","type":"product","link":"https:\/\/neonfactory.com\/de\/decoration-neon\/neonbeleuchtung-erstellen\/neonbeleuchtung-erstellen-4\/","title":{"rendered":"Neonbeleuchtung Erstellen 4"},"content":{"rendered":"<p>Neonbeleuchtung Erstellen<\/p><p>In unserer eigenen Glasherstellung in den Niederlanden fertigen wir Neonlichter, spezielle Neonauftr\u00e4ge, Logos, Neonbuchstaben und Texte. Wir reparieren alle Arten von Neon aus China, Amerika oder Europa. Wir sind spezialisiert auf pre-coated Neonglas und haben fast alle g\u00e4ngigen Neonfarben und -durchmesser auf Lager.<\/p><p>Wenn ein Neon defekt ist, ist es manchmal schwierig, die Ursache oder die Glasbruchstelle (n) zu finden. Es k\u00f6nnen auch mehrere Glassysteme undicht oder kaputt sein und der Transformator kann besch\u00e4digt werden. Wenn Sie uns ein klares Foto des kaputten Neons per E-Mail senden, k\u00f6nnen wir Ihnen vorab einen Kostenvoranschlag senden. Die Reparaturpreise variieren in der Regel zwischen 50,00 und 100,00 Euro ohne Mehrwertsteuer.<\/p><p><em>Hast du eine Reparatur? Dann benutze die Kontaktseite und h\u00e4nge ein Foto des kaputten Neons an. Wir geben nur Preisangaben auf der Grundlage des erhaltenen E-Mail-Formulars.<\/em><\/p>","protected":false},"excerpt":{"rendered":"<p><P><\/P><\/p>\n","protected":false},"featured_media":2326,"template":"","meta":{"_monsterinsights_skip_tracking":false,"_monsterinsights_sitenote_active":false,"_monsterinsights_sitenote_note":"","_monsterinsights_sitenote_category":0},"product_cat":[3114],"product_tag":[],"yoast_head":"<!-- This site is optimized with the Yoast SEO Premium plugin v24.4 (Yoast SEO v24.4) - https:\/\/yoast.com\/wordpress\/plugins\/seo\/ -->\n<title>Neonbeleuchtung Erstellen, Design und Reparatur<\/title>\n<meta name=\"description\" content=\"Neonbeleuchtung Erstellen, Design und Reparatur\" \/>\n<meta name=\"robots\" content=\"index, follow, max-snippet:-1, max-image-preview:large, max-video-preview:-1\" \/>\n<link rel=\"canonical\" href=\"https:\/\/neonfactory.com\/de\/decoration-neon\/neonbeleuchtung-erstellen\/neonbeleuchtung-erstellen-4\/\" \/>\n<meta property=\"og:locale\" content=\"de_DE\" \/>\n<meta property=\"og:type\" content=\"article\" \/>\n<meta property=\"og:title\" content=\"Neonbeleuchtung Erstellen 4\" \/>\n<meta property=\"og:description\" content=\"Neonbeleuchtung Erstellen, Design und Reparatur\" \/>\n<meta property=\"og:url\" content=\"https:\/\/neonfactory.com\/de\/decoration-neon\/neonbeleuchtung-erstellen\/neonbeleuchtung-erstellen-4\/\" \/>\n<meta property=\"og:site_name\" content=\"Neonfactory\" \/>\n<meta property=\"og:image\" content=\"https:\/\/neonfactory.com\/wp-content\/uploads\/2017\/10\/1350650025neon_reparatie_3.jpg\" \/>\n\t<meta property=\"og:image:width\" content=\"336\" \/>\n\t<meta property=\"og:image:height\" content=\"336\" \/>\n\t<meta property=\"og:image:type\" content=\"image\/jpeg\" \/>\n<meta name=\"twitter:card\" content=\"summary_large_image\" \/>\n<meta name=\"twitter:label1\" content=\"Gesch\u00e4tzte Lesezeit\" \/>\n\t<meta name=\"twitter:data1\" content=\"1\u00a0Minute\" \/>\n<script type=\"application\/ld+json\" class=\"yoast-schema-graph\">{\"@context\":\"https:\/\/schema.org\",\"@graph\":[{\"@type\":\"WebPage\",\"@id\":\"https:\/\/neonfactory.com\/de\/decoration-neon\/neonbeleuchtung-erstellen\/neonbeleuchtung-erstellen-4\/\",\"url\":\"https:\/\/neonfactory.com\/de\/decoration-neon\/neonbeleuchtung-erstellen\/neonbeleuchtung-erstellen-4\/\",\"name\":\"Neonbeleuchtung Erstellen, Design und Reparatur\",\"isPartOf\":{\"@id\":\"https:\/\/neonfactory.com\/#website\"},\"primaryImageOfPage\":{\"@id\":\"https:\/\/neonfactory.com\/de\/decoration-neon\/neonbeleuchtung-erstellen\/neonbeleuchtung-erstellen-4\/#primaryimage\"},\"image\":{\"@id\":\"https:\/\/neonfactory.com\/de\/decoration-neon\/neonbeleuchtung-erstellen\/neonbeleuchtung-erstellen-4\/#primaryimage\"},\"thumbnailUrl\":\"https:\/\/neonfactory.com\/wp-content\/uploads\/2017\/10\/1350650025neon_reparatie_3.jpg\",\"datePublished\":\"2019-11-04T14:31:06+00:00\",\"description\":\"Neonbeleuchtung Erstellen, Design und Reparatur\",\"breadcrumb\":{\"@id\":\"https:\/\/neonfactory.com\/de\/decoration-neon\/neonbeleuchtung-erstellen\/neonbeleuchtung-erstellen-4\/#breadcrumb\"},\"inLanguage\":\"de\",\"potentialAction\":[{\"@type\":\"ReadAction\",\"target\":[\"https:\/\/neonfactory.com\/de\/decoration-neon\/neonbeleuchtung-erstellen\/neonbeleuchtung-erstellen-4\/\"]}]},{\"@type\":\"ImageObject\",\"inLanguage\":\"de\",\"@id\":\"https:\/\/neonfactory.com\/de\/decoration-neon\/neonbeleuchtung-erstellen\/neonbeleuchtung-erstellen-4\/#primaryimage\",\"url\":\"https:\/\/neonfactory.com\/wp-content\/uploads\/2017\/10\/1350650025neon_reparatie_3.jpg\",\"contentUrl\":\"https:\/\/neonfactory.com\/wp-content\/uploads\/2017\/10\/1350650025neon_reparatie_3.jpg\",\"width\":336,\"height\":336,\"caption\":\"Neonbeleuchtung Erstellen Design Reparatur Neon Anpassung marken logos name text bar restaurant mancave neonfactory\"},{\"@type\":\"BreadcrumbList\",\"@id\":\"https:\/\/neonfactory.com\/de\/decoration-neon\/neonbeleuchtung-erstellen\/neonbeleuchtung-erstellen-4\/#breadcrumb\",\"itemListElement\":[{\"@type\":\"ListItem\",\"position\":1,\"name\":\"Home\",\"item\":\"https:\/\/neonfactory.com\/de\/\"},{\"@type\":\"ListItem\",\"position\":2,\"name\":\"Neondekoration\",\"item\":\"https:\/\/neonfactory.com\/de\/neondekoration\/\"},{\"@type\":\"ListItem\",\"position\":3,\"name\":\"Neonbeleuchtung Erstellen 4\"}]},{\"@type\":\"WebSite\",\"@id\":\"https:\/\/neonfactory.com\/#website\",\"url\":\"https:\/\/neonfactory.com\/\",\"name\":\"Neonfactory\",\"description\":\"Neonreclame, neonverlichting, neon op maat, neon glasblazen &amp; neon reparatie Met 26 jaar internationale productie ervaring zijn wij de \u00e9\u00e9n van de grotere aanbieders op het gebied van neon producten.\",\"publisher\":{\"@id\":\"https:\/\/neonfactory.com\/#organization\"},\"potentialAction\":[{\"@type\":\"SearchAction\",\"target\":{\"@type\":\"EntryPoint\",\"urlTemplate\":\"https:\/\/neonfactory.com\/?s={search_term_string}\"},\"query-input\":{\"@type\":\"PropertyValueSpecification\",\"valueRequired\":true,\"valueName\":\"search_term_string\"}}],\"inLanguage\":\"de\"},{\"@type\":\"Organization\",\"@id\":\"https:\/\/neonfactory.com\/#organization\",\"name\":\"Neonfactory\",\"url\":\"https:\/\/neonfactory.com\/\",\"logo\":{\"@type\":\"ImageObject\",\"inLanguage\":\"de\",\"@id\":\"https:\/\/neonfactory.com\/#\/schema\/logo\/image\/\",\"url\":\"https:\/\/neonfactory.com\/wp-content\/uploads\/2017\/10\/neonfactory-logo-zwart.png\",\"contentUrl\":\"https:\/\/neonfactory.com\/wp-content\/uploads\/2017\/10\/neonfactory-logo-zwart.png\",\"width\":460,\"height\":74,\"caption\":\"Neonfactory\"},\"image\":{\"@id\":\"https:\/\/neonfactory.com\/#\/schema\/logo\/image\/\"},\"sameAs\":[\"https:\/\/www.pinterest.com\/neonfactory\/\"]}]}<\/script>\n<!-- \/ Yoast SEO Premium plugin. -->","yoast_head_json":{"title":"Neonbeleuchtung Erstellen, Design und Reparatur","description":"Neonbeleuchtung Erstellen, Design und Reparatur","robots":{"index":"index","follow":"follow","max-snippet":"max-snippet:-1","max-image-preview":"max-image-preview:large","max-video-preview":"max-video-preview:-1"},"canonical":"https:\/\/neonfactory.com\/de\/decoration-neon\/neonbeleuchtung-erstellen\/neonbeleuchtung-erstellen-4\/","og_locale":"de_DE","og_type":"article","og_title":"Neonbeleuchtung Erstellen 4","og_description":"Neonbeleuchtung Erstellen, Design und Reparatur","og_url":"https:\/\/neonfactory.com\/de\/decoration-neon\/neonbeleuchtung-erstellen\/neonbeleuchtung-erstellen-4\/","og_site_name":"Neonfactory","og_image":[{"width":336,"height":336,"url":"https:\/\/neonfactory.com\/wp-content\/uploads\/2017\/10\/1350650025neon_reparatie_3.jpg","type":"image\/jpeg"}],"twitter_card":"summary_large_image","twitter_misc":{"Gesch\u00e4tzte Lesezeit":"1\u00a0Minute"},"schema":{"@context":"https:\/\/schema.org","@graph":[{"@type":"WebPage","@id":"https:\/\/neonfactory.com\/de\/decoration-neon\/neonbeleuchtung-erstellen\/neonbeleuchtung-erstellen-4\/","url":"https:\/\/neonfactory.com\/de\/decoration-neon\/neonbeleuchtung-erstellen\/neonbeleuchtung-erstellen-4\/","name":"Neonbeleuchtung Erstellen, Design und Reparatur","isPartOf":{"@id":"https:\/\/neonfactory.com\/#website"},"primaryImageOfPage":{"@id":"https:\/\/neonfactory.com\/de\/decoration-neon\/neonbeleuchtung-erstellen\/neonbeleuchtung-erstellen-4\/#primaryimage"},"image":{"@id":"https:\/\/neonfactory.com\/de\/decoration-neon\/neonbeleuchtung-erstellen\/neonbeleuchtung-erstellen-4\/#primaryimage"},"thumbnailUrl":"https:\/\/neonfactory.com\/wp-content\/uploads\/2017\/10\/1350650025neon_reparatie_3.jpg","datePublished":"2019-11-04T14:31:06+00:00","description":"Neonbeleuchtung Erstellen, Design und Reparatur","breadcrumb":{"@id":"https:\/\/neonfactory.com\/de\/decoration-neon\/neonbeleuchtung-erstellen\/neonbeleuchtung-erstellen-4\/#breadcrumb"},"inLanguage":"de","potentialAction":[{"@type":"ReadAction","target":["https:\/\/neonfactory.com\/de\/decoration-neon\/neonbeleuchtung-erstellen\/neonbeleuchtung-erstellen-4\/"]}]},{"@type":"ImageObject","inLanguage":"de","@id":"https:\/\/neonfactory.com\/de\/decoration-neon\/neonbeleuchtung-erstellen\/neonbeleuchtung-erstellen-4\/#primaryimage","url":"https:\/\/neonfactory.com\/wp-content\/uploads\/2017\/10\/1350650025neon_reparatie_3.jpg","contentUrl":"https:\/\/neonfactory.com\/wp-content\/uploads\/2017\/10\/1350650025neon_reparatie_3.jpg","width":336,"height":336,"caption":"Neonbeleuchtung Erstellen Design Reparatur Neon Anpassung marken logos name text bar restaurant mancave neonfactory"},{"@type":"BreadcrumbList","@id":"https:\/\/neonfactory.com\/de\/decoration-neon\/neonbeleuchtung-erstellen\/neonbeleuchtung-erstellen-4\/#breadcrumb","itemListElement":[{"@type":"ListItem","position":1,"name":"Home","item":"https:\/\/neonfactory.com\/de\/"},{"@type":"ListItem","position":2,"name":"Neondekoration","item":"https:\/\/neonfactory.com\/de\/neondekoration\/"},{"@type":"ListItem","position":3,"name":"Neonbeleuchtung Erstellen 4"}]},{"@type":"WebSite","@id":"https:\/\/neonfactory.com\/#website","url":"https:\/\/neonfactory.com\/","name":"Neonfactory","description":"Neonreclame, neonverlichting, neon op maat, neon glasblazen &amp; neon reparatie Met 26 jaar internationale productie ervaring zijn wij de \u00e9\u00e9n van de grotere aanbieders op het gebied van neon producten.","publisher":{"@id":"https:\/\/neonfactory.com\/#organization"},"potentialAction":[{"@type":"SearchAction","target":{"@type":"EntryPoint","urlTemplate":"https:\/\/neonfactory.com\/?s={search_term_string}"},"query-input":{"@type":"PropertyValueSpecification","valueRequired":true,"valueName":"search_term_string"}}],"inLanguage":"de"},{"@type":"Organization","@id":"https:\/\/neonfactory.com\/#organization","name":"Neonfactory","url":"https:\/\/neonfactory.com\/","logo":{"@type":"ImageObject","inLanguage":"de","@id":"https:\/\/neonfactory.com\/#\/schema\/logo\/image\/","url":"https:\/\/neonfactory.com\/wp-content\/uploads\/2017\/10\/neonfactory-logo-zwart.png","contentUrl":"https:\/\/neonfactory.com\/wp-content\/uploads\/2017\/10\/neonfactory-logo-zwart.png","width":460,"height":74,"caption":"Neonfactory"},"image":{"@id":"https:\/\/neonfactory.com\/#\/schema\/logo\/image\/"},"sameAs":["https:\/\/www.pinterest.com\/neonfactory\/"]}]}},"_links":{"self":[{"href":"https:\/\/neonfactory.com\/de\/wp-json\/wp\/v2\/product\/7893"}],"collection":[{"href":"https:\/\/neonfactory.com\/de\/wp-json\/wp\/v2\/product"}],"about":[{"href":"https:\/\/neonfactory.com\/de\/wp-json\/wp\/v2\/types\/product"}],"wp:featuredmedia":[{"embeddable":true,"href":"https:\/\/neonfactory.com\/de\/wp-json\/wp\/v2\/media\/2326"}],"wp:attachment":[{"href":"https:\/\/neonfactory.com\/de\/wp-json\/wp\/v2\/media?parent=7893"}],"wp:term":[{"taxonomy":"product_cat","embeddable":true,"href":"https:\/\/neonfactory.com\/de\/wp-json\/wp\/v2\/product_cat?post=7893"},{"taxonomy":"product_tag","embeddable":true,"href":"https:\/\/neonfactory.com\/de\/wp-json\/wp\/v2\/product_tag?post=7893"}],"curies":[{"name":"wp","href":"https:\/\/api.w.org\/{rel}","templated":true}]}}