{"id":2935,"date":"2017-11-05T10:16:50","date_gmt":"2017-11-05T09:16:50","guid":{"rendered":"https:\/\/neonfactory.com\/decoratie-neon\/unkategorisiert\/ent-8315-ok-used-cars-neon\/"},"modified":"2018-09-18T09:44:39","modified_gmt":"2018-09-18T07:44:39","slug":"ent-8315-ok-used-cars-neon","status":"publish","type":"product","link":"https:\/\/neonfactory.com\/de\/decoration-neon\/automotive-de\/ent-8315-ok-used-cars-neon\/","title":{"rendered":"ENT 8315 OK used cars neon"},"content":{"rendered":"<p>Das OK used cars Neonschild ist f\u00fcr den Innenbereich gemacht. Die OK used cars Neonwerbung ist qualitativ hochwertig und durch unsere Serienproduktion sehr preiswert.<\/p><p>OK used cars ist aus Neonglas gemacht, das auf speziellen, sto\u00dfged\u00e4mpften Glashaltern auf einer farbig bedruckten R\u00fcckwand montiert ist. Dadurch sind die Anschl\u00fcsse und die Verkabelung praktisch unsichtbar und das Neon ist genauso sch\u00f6n, wenn es ausgeschaltet ist&#8230; Hinter dem Schild befindet sich ein schwarzer Metallrahmen, der sich zum Aufh\u00e4ngen oder Aufstellen eignet. Er wird komplett mit Ein-\/Ausschalter und Stecker geliefert und ist mit einem sicheren Trafo ausgestattet, der sich bei Glasbruch oder Kurzschluss automatisch abschaltet.<\/p><p>Neondesign: Neonfarben: rot und blau<\/p><p>Rahmenma\u00dfe: B x H x T: 65 x 65 x 15 cm\u00a0\u00a0<\/p><p>Optional: Neon-Dimmer<\/p><p>Optional: doppelte Versandverpackung mit Schaumstoff<\/p><p>Neonglas wird von Hand von einem Glasbl\u00e4ser nach einer Arbeitszeichnung gebogen. Nach dem Biegen wird das Glasrohr gereinigt, die Elektrode beschichtet und mit dem Edelgas Neon (rot) oder Argon (blau) gef\u00fcllt. Eine Kombination der Farbe des Edelgases mit der Farbe der Beschichtung im Glasrohr ergibt die endg\u00fcltige Feuerfarbe. Glasanschl\u00fcsse und Elektroden sind schwarz und die R\u00f6hren sind auf einem Rahmen montiert und mit dem Trafo verbunden.<\/p><p>Neon ist ein traditionelles und individuell handgefertigtes Produkt und kann daher immer geringf\u00fcgig von den dargestellten Fotos oder den Ma\u00dfen abweichen. Auch die Farben weichen immer geringf\u00fcgig ab und sind teilweise abh\u00e4ngig vom verwendeten Bildschirm.<\/p><p>Wir geben zwei Jahre Garantie auf die einwandfreie Funktion des Neonschildes, wobei Besch\u00e4digungen oder Glasbruch immer ausgeschlossen sind. Die Garantie bezieht sich auf Material- und Arbeitslohn, jedoch ohne die Transportkosten zu und von unserer Werkstatt.<\/p><p>Wenn sie nicht mehr vorr\u00e4tig ist, k\u00f6nnen wir die Neonbeleuchtung genauso schnell liefern oder in unserer eigenen Glasbl\u00e4serei in den Niederlanden herstellen. <a href=\"https:\/\/neonfactory.com\/de\/neondekoration\/\">Alternativ<\/a> k\u00f6nnen Sie sich auch unsere anderen Neon-Tankstellen- und -Automarken ansehen. Schauen Sie sich au\u00dferdem unsere Neon-Dekos an oder lassen Sie sich Ihr eigenes Neon anfertigen. Sie k\u00f6nnen uns auch f\u00fcr Sonderanfertigungen, Leuchtwerbung, Neonschrift und Neonreparaturen kontaktieren.<\/p>","protected":false},"excerpt":{"rendered":"<p>&nbsp;<\/p>\n","protected":false},"featured_media":3856,"template":"","meta":{"_monsterinsights_skip_tracking":false,"_monsterinsights_sitenote_active":false,"_monsterinsights_sitenote_note":"","_monsterinsights_sitenote_category":0},"product_cat":[64],"product_tag":[],"yoast_head":"<!-- This site is optimized with the Yoast SEO Premium plugin v24.4 (Yoast SEO v24.4) - https:\/\/yoast.com\/wordpress\/plugins\/seo\/ -->\n<title>OK used cars Neonschildbeleuchtung 8315 - Hohe Qualit\u00e4t und attraktiver Preis<\/title>\n<meta name=\"description\" content=\"Sorgen Sie f\u00fcr eine besondere Atmosph\u00e4re mit der 8315 OK used cars Neonbeleuchtung. Die Neons sind qualitativ hochwertig, g\u00fcnstig und haben eine 2-Jahres-Garantie!\" \/>\n<meta name=\"robots\" content=\"index, follow, max-snippet:-1, max-image-preview:large, max-video-preview:-1\" \/>\n<link rel=\"canonical\" href=\"https:\/\/neonfactory.com\/de\/decoration-neon\/automotive-de\/ent-8315-ok-used-cars-neon\/\" \/>\n<meta property=\"og:locale\" content=\"de_DE\" \/>\n<meta property=\"og:type\" content=\"article\" \/>\n<meta property=\"og:title\" content=\"ENT 8315 OK used cars neon\" \/>\n<meta property=\"og:description\" content=\"Sorgen Sie f\u00fcr eine besondere Atmosph\u00e4re mit der 8315 OK used cars Neonbeleuchtung. Die Neons sind qualitativ hochwertig, g\u00fcnstig und haben eine 2-Jahres-Garantie!\" \/>\n<meta property=\"og:url\" content=\"https:\/\/neonfactory.com\/de\/decoration-neon\/automotive-de\/ent-8315-ok-used-cars-neon\/\" \/>\n<meta property=\"og:site_name\" content=\"Neonfactory\" \/>\n<meta property=\"article:modified_time\" content=\"2018-09-18T07:44:39+00:00\" \/>\n<meta property=\"og:image\" content=\"https:\/\/neonfactory.com\/wp-content\/uploads\/2017\/11\/ENT-8315-OK-used-cars-neon.jpg\" \/>\n\t<meta property=\"og:image:width\" content=\"750\" \/>\n\t<meta property=\"og:image:height\" content=\"750\" \/>\n\t<meta property=\"og:image:type\" content=\"image\/jpeg\" \/>\n<meta name=\"twitter:card\" content=\"summary_large_image\" \/>\n<meta name=\"twitter:label1\" content=\"Gesch\u00e4tzte Lesezeit\" \/>\n\t<meta name=\"twitter:data1\" content=\"2\u00a0Minuten\" \/>\n<script type=\"application\/ld+json\" class=\"yoast-schema-graph\">{\"@context\":\"https:\/\/schema.org\",\"@graph\":[{\"@type\":\"WebPage\",\"@id\":\"https:\/\/neonfactory.com\/de\/decoration-neon\/automotive-de\/ent-8315-ok-used-cars-neon\/\",\"url\":\"https:\/\/neonfactory.com\/de\/decoration-neon\/automotive-de\/ent-8315-ok-used-cars-neon\/\",\"name\":\"OK used cars Neonschildbeleuchtung 8315 - Hohe Qualit\u00e4t und attraktiver Preis\",\"isPartOf\":{\"@id\":\"https:\/\/neonfactory.com\/#website\"},\"primaryImageOfPage\":{\"@id\":\"https:\/\/neonfactory.com\/de\/decoration-neon\/automotive-de\/ent-8315-ok-used-cars-neon\/#primaryimage\"},\"image\":{\"@id\":\"https:\/\/neonfactory.com\/de\/decoration-neon\/automotive-de\/ent-8315-ok-used-cars-neon\/#primaryimage\"},\"thumbnailUrl\":\"https:\/\/neonfactory.com\/wp-content\/uploads\/2017\/11\/ENT-8315-OK-used-cars-neon.jpg\",\"datePublished\":\"2017-11-05T09:16:50+00:00\",\"dateModified\":\"2018-09-18T07:44:39+00:00\",\"description\":\"Sorgen Sie f\u00fcr eine besondere Atmosph\u00e4re mit der 8315 OK used cars Neonbeleuchtung. Die Neons sind qualitativ hochwertig, g\u00fcnstig und haben eine 2-Jahres-Garantie!\",\"breadcrumb\":{\"@id\":\"https:\/\/neonfactory.com\/de\/decoration-neon\/automotive-de\/ent-8315-ok-used-cars-neon\/#breadcrumb\"},\"inLanguage\":\"de\",\"potentialAction\":[{\"@type\":\"ReadAction\",\"target\":[\"https:\/\/neonfactory.com\/de\/decoration-neon\/automotive-de\/ent-8315-ok-used-cars-neon\/\"]}]},{\"@type\":\"ImageObject\",\"inLanguage\":\"de\",\"@id\":\"https:\/\/neonfactory.com\/de\/decoration-neon\/automotive-de\/ent-8315-ok-used-cars-neon\/#primaryimage\",\"url\":\"https:\/\/neonfactory.com\/wp-content\/uploads\/2017\/11\/ENT-8315-OK-used-cars-neon.jpg\",\"contentUrl\":\"https:\/\/neonfactory.com\/wp-content\/uploads\/2017\/11\/ENT-8315-OK-used-cars-neon.jpg\",\"width\":750,\"height\":750,\"caption\":\"ENT 8315 OK used cars neon sign neonfactory Automobilmarke neon designs fifties Neonschild Neonbeleuchtung\"},{\"@type\":\"BreadcrumbList\",\"@id\":\"https:\/\/neonfactory.com\/de\/decoration-neon\/automotive-de\/ent-8315-ok-used-cars-neon\/#breadcrumb\",\"itemListElement\":[{\"@type\":\"ListItem\",\"position\":1,\"name\":\"Home\",\"item\":\"https:\/\/neonfactory.com\/de\/\"},{\"@type\":\"ListItem\",\"position\":2,\"name\":\"Neondekoration\",\"item\":\"https:\/\/neonfactory.com\/de\/neondekoration\/\"},{\"@type\":\"ListItem\",\"position\":3,\"name\":\"ENT 8315 OK used cars neon\"}]},{\"@type\":\"WebSite\",\"@id\":\"https:\/\/neonfactory.com\/#website\",\"url\":\"https:\/\/neonfactory.com\/\",\"name\":\"Neonfactory\",\"description\":\"Neonreclame, neonverlichting, neon op maat, neon glasblazen &amp; neon reparatie Met 26 jaar internationale productie ervaring zijn wij de \u00e9\u00e9n van de grotere aanbieders op het gebied van neon producten.\",\"publisher\":{\"@id\":\"https:\/\/neonfactory.com\/#organization\"},\"potentialAction\":[{\"@type\":\"SearchAction\",\"target\":{\"@type\":\"EntryPoint\",\"urlTemplate\":\"https:\/\/neonfactory.com\/?s={search_term_string}\"},\"query-input\":{\"@type\":\"PropertyValueSpecification\",\"valueRequired\":true,\"valueName\":\"search_term_string\"}}],\"inLanguage\":\"de\"},{\"@type\":\"Organization\",\"@id\":\"https:\/\/neonfactory.com\/#organization\",\"name\":\"Neonfactory\",\"url\":\"https:\/\/neonfactory.com\/\",\"logo\":{\"@type\":\"ImageObject\",\"inLanguage\":\"de\",\"@id\":\"https:\/\/neonfactory.com\/#\/schema\/logo\/image\/\",\"url\":\"https:\/\/neonfactory.com\/wp-content\/uploads\/2017\/10\/neonfactory-logo-zwart.png\",\"contentUrl\":\"https:\/\/neonfactory.com\/wp-content\/uploads\/2017\/10\/neonfactory-logo-zwart.png\",\"width\":460,\"height\":74,\"caption\":\"Neonfactory\"},\"image\":{\"@id\":\"https:\/\/neonfactory.com\/#\/schema\/logo\/image\/\"},\"sameAs\":[\"https:\/\/www.pinterest.com\/neonfactory\/\"]}]}<\/script>\n<!-- \/ Yoast SEO Premium plugin. -->","yoast_head_json":{"title":"OK used cars Neonschildbeleuchtung 8315 - Hohe Qualit\u00e4t und attraktiver Preis","description":"Sorgen Sie f\u00fcr eine besondere Atmosph\u00e4re mit der 8315 OK used cars Neonbeleuchtung. Die Neons sind qualitativ hochwertig, g\u00fcnstig und haben eine 2-Jahres-Garantie!","robots":{"index":"index","follow":"follow","max-snippet":"max-snippet:-1","max-image-preview":"max-image-preview:large","max-video-preview":"max-video-preview:-1"},"canonical":"https:\/\/neonfactory.com\/de\/decoration-neon\/automotive-de\/ent-8315-ok-used-cars-neon\/","og_locale":"de_DE","og_type":"article","og_title":"ENT 8315 OK used cars neon","og_description":"Sorgen Sie f\u00fcr eine besondere Atmosph\u00e4re mit der 8315 OK used cars Neonbeleuchtung. Die Neons sind qualitativ hochwertig, g\u00fcnstig und haben eine 2-Jahres-Garantie!","og_url":"https:\/\/neonfactory.com\/de\/decoration-neon\/automotive-de\/ent-8315-ok-used-cars-neon\/","og_site_name":"Neonfactory","article_modified_time":"2018-09-18T07:44:39+00:00","og_image":[{"width":750,"height":750,"url":"https:\/\/neonfactory.com\/wp-content\/uploads\/2017\/11\/ENT-8315-OK-used-cars-neon.jpg","type":"image\/jpeg"}],"twitter_card":"summary_large_image","twitter_misc":{"Gesch\u00e4tzte Lesezeit":"2\u00a0Minuten"},"schema":{"@context":"https:\/\/schema.org","@graph":[{"@type":"WebPage","@id":"https:\/\/neonfactory.com\/de\/decoration-neon\/automotive-de\/ent-8315-ok-used-cars-neon\/","url":"https:\/\/neonfactory.com\/de\/decoration-neon\/automotive-de\/ent-8315-ok-used-cars-neon\/","name":"OK used cars Neonschildbeleuchtung 8315 - Hohe Qualit\u00e4t und attraktiver Preis","isPartOf":{"@id":"https:\/\/neonfactory.com\/#website"},"primaryImageOfPage":{"@id":"https:\/\/neonfactory.com\/de\/decoration-neon\/automotive-de\/ent-8315-ok-used-cars-neon\/#primaryimage"},"image":{"@id":"https:\/\/neonfactory.com\/de\/decoration-neon\/automotive-de\/ent-8315-ok-used-cars-neon\/#primaryimage"},"thumbnailUrl":"https:\/\/neonfactory.com\/wp-content\/uploads\/2017\/11\/ENT-8315-OK-used-cars-neon.jpg","datePublished":"2017-11-05T09:16:50+00:00","dateModified":"2018-09-18T07:44:39+00:00","description":"Sorgen Sie f\u00fcr eine besondere Atmosph\u00e4re mit der 8315 OK used cars Neonbeleuchtung. Die Neons sind qualitativ hochwertig, g\u00fcnstig und haben eine 2-Jahres-Garantie!","breadcrumb":{"@id":"https:\/\/neonfactory.com\/de\/decoration-neon\/automotive-de\/ent-8315-ok-used-cars-neon\/#breadcrumb"},"inLanguage":"de","potentialAction":[{"@type":"ReadAction","target":["https:\/\/neonfactory.com\/de\/decoration-neon\/automotive-de\/ent-8315-ok-used-cars-neon\/"]}]},{"@type":"ImageObject","inLanguage":"de","@id":"https:\/\/neonfactory.com\/de\/decoration-neon\/automotive-de\/ent-8315-ok-used-cars-neon\/#primaryimage","url":"https:\/\/neonfactory.com\/wp-content\/uploads\/2017\/11\/ENT-8315-OK-used-cars-neon.jpg","contentUrl":"https:\/\/neonfactory.com\/wp-content\/uploads\/2017\/11\/ENT-8315-OK-used-cars-neon.jpg","width":750,"height":750,"caption":"ENT 8315 OK used cars neon sign neonfactory Automobilmarke neon designs fifties Neonschild Neonbeleuchtung"},{"@type":"BreadcrumbList","@id":"https:\/\/neonfactory.com\/de\/decoration-neon\/automotive-de\/ent-8315-ok-used-cars-neon\/#breadcrumb","itemListElement":[{"@type":"ListItem","position":1,"name":"Home","item":"https:\/\/neonfactory.com\/de\/"},{"@type":"ListItem","position":2,"name":"Neondekoration","item":"https:\/\/neonfactory.com\/de\/neondekoration\/"},{"@type":"ListItem","position":3,"name":"ENT 8315 OK used cars neon"}]},{"@type":"WebSite","@id":"https:\/\/neonfactory.com\/#website","url":"https:\/\/neonfactory.com\/","name":"Neonfactory","description":"Neonreclame, neonverlichting, neon op maat, neon glasblazen &amp; neon reparatie Met 26 jaar internationale productie ervaring zijn wij de \u00e9\u00e9n van de grotere aanbieders op het gebied van neon producten.","publisher":{"@id":"https:\/\/neonfactory.com\/#organization"},"potentialAction":[{"@type":"SearchAction","target":{"@type":"EntryPoint","urlTemplate":"https:\/\/neonfactory.com\/?s={search_term_string}"},"query-input":{"@type":"PropertyValueSpecification","valueRequired":true,"valueName":"search_term_string"}}],"inLanguage":"de"},{"@type":"Organization","@id":"https:\/\/neonfactory.com\/#organization","name":"Neonfactory","url":"https:\/\/neonfactory.com\/","logo":{"@type":"ImageObject","inLanguage":"de","@id":"https:\/\/neonfactory.com\/#\/schema\/logo\/image\/","url":"https:\/\/neonfactory.com\/wp-content\/uploads\/2017\/10\/neonfactory-logo-zwart.png","contentUrl":"https:\/\/neonfactory.com\/wp-content\/uploads\/2017\/10\/neonfactory-logo-zwart.png","width":460,"height":74,"caption":"Neonfactory"},"image":{"@id":"https:\/\/neonfactory.com\/#\/schema\/logo\/image\/"},"sameAs":["https:\/\/www.pinterest.com\/neonfactory\/"]}]}},"_links":{"self":[{"href":"https:\/\/neonfactory.com\/de\/wp-json\/wp\/v2\/product\/2935"}],"collection":[{"href":"https:\/\/neonfactory.com\/de\/wp-json\/wp\/v2\/product"}],"about":[{"href":"https:\/\/neonfactory.com\/de\/wp-json\/wp\/v2\/types\/product"}],"wp:featuredmedia":[{"embeddable":true,"href":"https:\/\/neonfactory.com\/de\/wp-json\/wp\/v2\/media\/3856"}],"wp:attachment":[{"href":"https:\/\/neonfactory.com\/de\/wp-json\/wp\/v2\/media?parent=2935"}],"wp:term":[{"taxonomy":"product_cat","embeddable":true,"href":"https:\/\/neonfactory.com\/de\/wp-json\/wp\/v2\/product_cat?post=2935"},{"taxonomy":"product_tag","embeddable":true,"href":"https:\/\/neonfactory.com\/de\/wp-json\/wp\/v2\/product_tag?post=2935"}],"curies":[{"name":"wp","href":"https:\/\/api.w.org\/{rel}","templated":true}]}}